{"id":45,"date":"2020-10-22T16:54:44","date_gmt":"2020-10-22T13:54:44","guid":{"rendered":"https:\/\/startertemplatecloud.com\/g02\/product\/t-shirt-ne\/"},"modified":"2025-01-09T08:55:25","modified_gmt":"2025-01-09T07:55:25","slug":"ox560ret","status":"publish","type":"product","link":"https:\/\/www.lifecaregabon.com\/index.php\/product\/ox560ret\/","title":{"rendered":"Automate d&#8217;H\u00e9matologie OX 560 RET"},"content":{"rendered":"<p>Excellente qualit\u00e9 :<br \/>\n\u2022 Excellente r\u00e9p\u00e9tabilit\u00e9 et pr\u00e9cision (CV et background)<\/p>\n<p>\u2022 Automate d\u2019h\u00e9matologie 5populations, 34 param\u00e8tres dont les r\u00e9ticulocytes, 60 tests par heure<br \/>\n\u2022 M\u00e9thode \u00e0 imp\u00e9dance pour les GR et PLT et colorim\u00e9trie sans cyanure pour HGB<br \/>\n\u2022 Formule leucocytaire obtenue par diffraction laser et cytom\u00e9trie de flux<br \/>\n\u2022 2 modes de comptage des GB : \u00e9lectro-imp\u00e9dance et optique<\/p>\n<p>\u2022 Taille 490 x 332 x 459 mm<\/p>\n<p>\u2022 Volume \u00e9chantillon 20\u03bcL sang total et pr\u00e9-dilu\u00e9<br \/>\n\u2022 M\u00e9moire jusqu\u2019\u00e0 200 000 \u00e9chantillons avec graphiques<br \/>\n\u2022 Diam\u00e8tre ouverture : GB 100 \u03bcm et GR\/PLT 68 \u03bcm<\/p>\n","protected":false},"excerpt":{"rendered":"<p>L\u2019automate OX-560 RET de chez Balio Diagnostics est aujourd\u2019hui l\u2019alternative 5 populations offrant la d\u00e9tection des r\u00e9ticulocytes.<br \/>\nCette derni\u00e8re analyse est effectu\u00e9e de mani\u00e8re ind\u00e9pendante ce qui permet au laboratoire une libert\u00e9 dans l\u2019ex\u00e9cution et l\u2019utilisation optimis\u00e9e du param\u00e8tre.<\/p>\n<p>Facile d\u2019utilisation :<br \/>\n&#8211; Interface claire, conviviale<br \/>\n&#8211; 2 histogrammes, 2 scattergrammes et 2 scattergammes 3D<br \/>\n&#8211; Technique avec comptage facultatif des r\u00e9ticulocytes<\/p>\n","protected":false},"featured_media":1414,"comment_status":"open","ping_status":"closed","template":"","meta":{"_kadence_starter_templates_imported_post":true,"_kad_post_transparent":"default","_kad_post_title":"","_kad_post_layout":"default","_kad_post_sidebar_id":"","_kad_post_content_style":"default","_kad_post_vertical_padding":"default","_kad_post_feature":"","_kad_post_feature_position":"","_kad_post_header":false,"_kad_post_footer":false,"_kad_post_classname":""},"product_brand":[],"product_cat":[42],"product_tag":[],"class_list":{"0":"post-45","1":"product","2":"type-product","3":"status-publish","4":"has-post-thumbnail","6":"product_cat-hematologie","8":"first","9":"instock","10":"featured","11":"downloadable","12":"taxable","13":"shipping-taxable","14":"product-type-simple","15":"entry","16":"content-bg","17":"loop-entry"},"yoast_head":"<!-- This site is optimized with the Yoast SEO plugin v26.6 - https:\/\/yoast.com\/wordpress\/plugins\/seo\/ -->\n<title>Automate d&#039;H\u00e9matologie OX 560 RET - Lifecare Technologies Gabon<\/title>\n<meta name=\"description\" content=\"Distributeur de Dispositifs M\u00e9dicaux et param\u00e9dicaux \u00e0 Libreville-Gabon, OX 560 RET HEMATOLOGIE\" \/>\n<meta name=\"robots\" content=\"index, follow, max-snippet:-1, max-image-preview:large, max-video-preview:-1\" \/>\n<link rel=\"canonical\" href=\"https:\/\/www.lifecaregabon.com\/index.php\/product\/ox560ret\/\" \/>\n<meta property=\"og:locale\" content=\"en_US\" \/>\n<meta property=\"og:type\" content=\"article\" \/>\n<meta property=\"og:title\" content=\"Automate d&#039;H\u00e9matologie OX 560 RET - Lifecare Technologies Gabon\" \/>\n<meta property=\"og:description\" content=\"Distributeur de Dispositifs M\u00e9dicaux et param\u00e9dicaux \u00e0 Libreville-Gabon, OX 560 RET HEMATOLOGIE\" \/>\n<meta property=\"og:url\" content=\"https:\/\/www.lifecaregabon.com\/index.php\/product\/ox560ret\/\" \/>\n<meta property=\"og:site_name\" content=\"Lifecare Technologies Gabon\" \/>\n<meta property=\"article:publisher\" content=\"https:\/\/www.facebook.com\/profile.php?id=61564959212945\" \/>\n<meta property=\"article:modified_time\" content=\"2025-01-09T07:55:25+00:00\" \/>\n<meta property=\"og:image\" content=\"https:\/\/www.lifecaregabon.com\/wp-content\/uploads\/2020\/10\/WhatsApp-Image-2024-12-11-a-10.04.32_0be50d31.jpg\" \/>\n\t<meta property=\"og:image:width\" content=\"1080\" \/>\n\t<meta property=\"og:image:height\" content=\"1080\" \/>\n\t<meta property=\"og:image:type\" content=\"image\/jpeg\" \/>\n<meta name=\"twitter:card\" content=\"summary_large_image\" \/>\n<meta name=\"twitter:label1\" content=\"Est. reading time\" \/>\n\t<meta name=\"twitter:data1\" content=\"1 minute\" \/>\n<script type=\"application\/ld+json\" class=\"yoast-schema-graph\">{\"@context\":\"https:\/\/schema.org\",\"@graph\":[{\"@type\":\"WebPage\",\"@id\":\"https:\/\/www.lifecaregabon.com\/index.php\/product\/ox560ret\/\",\"url\":\"https:\/\/www.lifecaregabon.com\/index.php\/product\/ox560ret\/\",\"name\":\"Automate d'H\u00e9matologie OX 560 RET - Lifecare Technologies Gabon\",\"isPartOf\":{\"@id\":\"https:\/\/www.lifecaregabon.com\/#website\"},\"primaryImageOfPage\":{\"@id\":\"https:\/\/www.lifecaregabon.com\/index.php\/product\/ox560ret\/#primaryimage\"},\"image\":{\"@id\":\"https:\/\/www.lifecaregabon.com\/index.php\/product\/ox560ret\/#primaryimage\"},\"thumbnailUrl\":\"https:\/\/www.lifecaregabon.com\/wp-content\/uploads\/2020\/10\/WhatsApp-Image-2024-12-11-a-10.04.32_0be50d31.jpg\",\"datePublished\":\"2020-10-22T13:54:44+00:00\",\"dateModified\":\"2025-01-09T07:55:25+00:00\",\"description\":\"Distributeur de Dispositifs M\u00e9dicaux et param\u00e9dicaux \u00e0 Libreville-Gabon, OX 560 RET HEMATOLOGIE\",\"breadcrumb\":{\"@id\":\"https:\/\/www.lifecaregabon.com\/index.php\/product\/ox560ret\/#breadcrumb\"},\"inLanguage\":\"en-US\",\"potentialAction\":[{\"@type\":\"ReadAction\",\"target\":[\"https:\/\/www.lifecaregabon.com\/index.php\/product\/ox560ret\/\"]}]},{\"@type\":\"ImageObject\",\"inLanguage\":\"en-US\",\"@id\":\"https:\/\/www.lifecaregabon.com\/index.php\/product\/ox560ret\/#primaryimage\",\"url\":\"https:\/\/www.lifecaregabon.com\/wp-content\/uploads\/2020\/10\/WhatsApp-Image-2024-12-11-a-10.04.32_0be50d31.jpg\",\"contentUrl\":\"https:\/\/www.lifecaregabon.com\/wp-content\/uploads\/2020\/10\/WhatsApp-Image-2024-12-11-a-10.04.32_0be50d31.jpg\",\"width\":1080,\"height\":1080,\"caption\":\"OX560 RET\"},{\"@type\":\"BreadcrumbList\",\"@id\":\"https:\/\/www.lifecaregabon.com\/index.php\/product\/ox560ret\/#breadcrumb\",\"itemListElement\":[{\"@type\":\"ListItem\",\"position\":1,\"name\":\"Accueil\",\"item\":\"https:\/\/www.lifecaregabon.com\/\"},{\"@type\":\"ListItem\",\"position\":2,\"name\":\"Boutique\",\"item\":\"https:\/\/www.lifecaregabon.com\/index.php\/shop-2\/\"},{\"@type\":\"ListItem\",\"position\":3,\"name\":\"Automate d&rsquo;H\u00e9matologie OX 560 RET\"}]},{\"@type\":\"WebSite\",\"@id\":\"https:\/\/www.lifecaregabon.com\/#website\",\"url\":\"https:\/\/www.lifecaregabon.com\/\",\"name\":\"Lifecare Technologies Gabon\",\"description\":\"Dispositifs M\u00e9dicaux\",\"publisher\":{\"@id\":\"https:\/\/www.lifecaregabon.com\/#organization\"},\"potentialAction\":[{\"@type\":\"SearchAction\",\"target\":{\"@type\":\"EntryPoint\",\"urlTemplate\":\"https:\/\/www.lifecaregabon.com\/?s={search_term_string}\"},\"query-input\":{\"@type\":\"PropertyValueSpecification\",\"valueRequired\":true,\"valueName\":\"search_term_string\"}}],\"inLanguage\":\"en-US\"},{\"@type\":\"Organization\",\"@id\":\"https:\/\/www.lifecaregabon.com\/#organization\",\"name\":\"Lifecare Technologies Gabon\",\"url\":\"https:\/\/www.lifecaregabon.com\/\",\"logo\":{\"@type\":\"ImageObject\",\"inLanguage\":\"en-US\",\"@id\":\"https:\/\/www.lifecaregabon.com\/#\/schema\/logo\/image\/\",\"url\":\"https:\/\/www.lifecaregabon.com\/wp-content\/uploads\/2024\/12\/cropped-cropped-logo-ltc-3.jpg\",\"contentUrl\":\"https:\/\/www.lifecaregabon.com\/wp-content\/uploads\/2024\/12\/cropped-cropped-logo-ltc-3.jpg\",\"width\":639,\"height\":391,\"caption\":\"Lifecare Technologies Gabon\"},\"image\":{\"@id\":\"https:\/\/www.lifecaregabon.com\/#\/schema\/logo\/image\/\"},\"sameAs\":[\"https:\/\/www.facebook.com\/profile.php?id=61564959212945\",\"https:\/\/x.com\/i\/flow\/login?redirect_after_login=lifecare_sarl\"]}]}<\/script>\n<!-- \/ Yoast SEO plugin. -->","yoast_head_json":{"title":"Automate d'H\u00e9matologie OX 560 RET - Lifecare Technologies Gabon","description":"Distributeur de Dispositifs M\u00e9dicaux et param\u00e9dicaux \u00e0 Libreville-Gabon, OX 560 RET HEMATOLOGIE","robots":{"index":"index","follow":"follow","max-snippet":"max-snippet:-1","max-image-preview":"max-image-preview:large","max-video-preview":"max-video-preview:-1"},"canonical":"https:\/\/www.lifecaregabon.com\/index.php\/product\/ox560ret\/","og_locale":"en_US","og_type":"article","og_title":"Automate d'H\u00e9matologie OX 560 RET - Lifecare Technologies Gabon","og_description":"Distributeur de Dispositifs M\u00e9dicaux et param\u00e9dicaux \u00e0 Libreville-Gabon, OX 560 RET HEMATOLOGIE","og_url":"https:\/\/www.lifecaregabon.com\/index.php\/product\/ox560ret\/","og_site_name":"Lifecare Technologies Gabon","article_publisher":"https:\/\/www.facebook.com\/profile.php?id=61564959212945","article_modified_time":"2025-01-09T07:55:25+00:00","og_image":[{"width":1080,"height":1080,"url":"https:\/\/www.lifecaregabon.com\/wp-content\/uploads\/2020\/10\/WhatsApp-Image-2024-12-11-a-10.04.32_0be50d31.jpg","type":"image\/jpeg"}],"twitter_card":"summary_large_image","twitter_misc":{"Est. reading time":"1 minute"},"schema":{"@context":"https:\/\/schema.org","@graph":[{"@type":"WebPage","@id":"https:\/\/www.lifecaregabon.com\/index.php\/product\/ox560ret\/","url":"https:\/\/www.lifecaregabon.com\/index.php\/product\/ox560ret\/","name":"Automate d'H\u00e9matologie OX 560 RET - Lifecare Technologies Gabon","isPartOf":{"@id":"https:\/\/www.lifecaregabon.com\/#website"},"primaryImageOfPage":{"@id":"https:\/\/www.lifecaregabon.com\/index.php\/product\/ox560ret\/#primaryimage"},"image":{"@id":"https:\/\/www.lifecaregabon.com\/index.php\/product\/ox560ret\/#primaryimage"},"thumbnailUrl":"https:\/\/www.lifecaregabon.com\/wp-content\/uploads\/2020\/10\/WhatsApp-Image-2024-12-11-a-10.04.32_0be50d31.jpg","datePublished":"2020-10-22T13:54:44+00:00","dateModified":"2025-01-09T07:55:25+00:00","description":"Distributeur de Dispositifs M\u00e9dicaux et param\u00e9dicaux \u00e0 Libreville-Gabon, OX 560 RET HEMATOLOGIE","breadcrumb":{"@id":"https:\/\/www.lifecaregabon.com\/index.php\/product\/ox560ret\/#breadcrumb"},"inLanguage":"en-US","potentialAction":[{"@type":"ReadAction","target":["https:\/\/www.lifecaregabon.com\/index.php\/product\/ox560ret\/"]}]},{"@type":"ImageObject","inLanguage":"en-US","@id":"https:\/\/www.lifecaregabon.com\/index.php\/product\/ox560ret\/#primaryimage","url":"https:\/\/www.lifecaregabon.com\/wp-content\/uploads\/2020\/10\/WhatsApp-Image-2024-12-11-a-10.04.32_0be50d31.jpg","contentUrl":"https:\/\/www.lifecaregabon.com\/wp-content\/uploads\/2020\/10\/WhatsApp-Image-2024-12-11-a-10.04.32_0be50d31.jpg","width":1080,"height":1080,"caption":"OX560 RET"},{"@type":"BreadcrumbList","@id":"https:\/\/www.lifecaregabon.com\/index.php\/product\/ox560ret\/#breadcrumb","itemListElement":[{"@type":"ListItem","position":1,"name":"Accueil","item":"https:\/\/www.lifecaregabon.com\/"},{"@type":"ListItem","position":2,"name":"Boutique","item":"https:\/\/www.lifecaregabon.com\/index.php\/shop-2\/"},{"@type":"ListItem","position":3,"name":"Automate d&rsquo;H\u00e9matologie OX 560 RET"}]},{"@type":"WebSite","@id":"https:\/\/www.lifecaregabon.com\/#website","url":"https:\/\/www.lifecaregabon.com\/","name":"Lifecare Technologies Gabon","description":"Dispositifs M\u00e9dicaux","publisher":{"@id":"https:\/\/www.lifecaregabon.com\/#organization"},"potentialAction":[{"@type":"SearchAction","target":{"@type":"EntryPoint","urlTemplate":"https:\/\/www.lifecaregabon.com\/?s={search_term_string}"},"query-input":{"@type":"PropertyValueSpecification","valueRequired":true,"valueName":"search_term_string"}}],"inLanguage":"en-US"},{"@type":"Organization","@id":"https:\/\/www.lifecaregabon.com\/#organization","name":"Lifecare Technologies Gabon","url":"https:\/\/www.lifecaregabon.com\/","logo":{"@type":"ImageObject","inLanguage":"en-US","@id":"https:\/\/www.lifecaregabon.com\/#\/schema\/logo\/image\/","url":"https:\/\/www.lifecaregabon.com\/wp-content\/uploads\/2024\/12\/cropped-cropped-logo-ltc-3.jpg","contentUrl":"https:\/\/www.lifecaregabon.com\/wp-content\/uploads\/2024\/12\/cropped-cropped-logo-ltc-3.jpg","width":639,"height":391,"caption":"Lifecare Technologies Gabon"},"image":{"@id":"https:\/\/www.lifecaregabon.com\/#\/schema\/logo\/image\/"},"sameAs":["https:\/\/www.facebook.com\/profile.php?id=61564959212945","https:\/\/x.com\/i\/flow\/login?redirect_after_login=lifecare_sarl"]}]}},"_links":{"self":[{"href":"https:\/\/www.lifecaregabon.com\/index.php\/wp-json\/wp\/v2\/product\/45","targetHints":{"allow":["GET"]}}],"collection":[{"href":"https:\/\/www.lifecaregabon.com\/index.php\/wp-json\/wp\/v2\/product"}],"about":[{"href":"https:\/\/www.lifecaregabon.com\/index.php\/wp-json\/wp\/v2\/types\/product"}],"replies":[{"embeddable":true,"href":"https:\/\/www.lifecaregabon.com\/index.php\/wp-json\/wp\/v2\/comments?post=45"}],"wp:featuredmedia":[{"embeddable":true,"href":"https:\/\/www.lifecaregabon.com\/index.php\/wp-json\/wp\/v2\/media\/1414"}],"wp:attachment":[{"href":"https:\/\/www.lifecaregabon.com\/index.php\/wp-json\/wp\/v2\/media?parent=45"}],"wp:term":[{"taxonomy":"product_brand","embeddable":true,"href":"https:\/\/www.lifecaregabon.com\/index.php\/wp-json\/wp\/v2\/product_brand?post=45"},{"taxonomy":"product_cat","embeddable":true,"href":"https:\/\/www.lifecaregabon.com\/index.php\/wp-json\/wp\/v2\/product_cat?post=45"},{"taxonomy":"product_tag","embeddable":true,"href":"https:\/\/www.lifecaregabon.com\/index.php\/wp-json\/wp\/v2\/product_tag?post=45"}],"curies":[{"name":"wp","href":"https:\/\/api.w.org\/{rel}","templated":true}]}}