{"id":239,"date":"2020-10-23T13:06:25","date_gmt":"2020-10-23T10:06:25","guid":{"rendered":"https:\/\/startertemplatecloud.com\/g02\/product\/t-shirt-four\/"},"modified":"2026-01-23T06:33:10","modified_gmt":"2026-01-23T05:33:10","slug":"liaison-xl","status":"publish","type":"product","link":"https:\/\/www.lifecaregabon.com\/index.php\/product\/liaison-xl\/","title":{"rendered":"Analyseur d&#8217;immunoanalyse enti\u00e8rement automatis\u00e9 LIAISON\u00ae XL"},"content":{"rendered":"<p>Mode d&#8217;utilisation : enti\u00e8rement automatis\u00e9<br \/>\nApplications : pour diagnostic clinique<br \/>\nMode d&#8217;analyse : par chimiluminescence<br \/>\nType d&#8217;\u00e9chantillons : urinaire, plasma, de selles<br \/>\nMarqueur test\u00e9 de peptide C, pour insuline<br \/>\nMode d&#8217;\u00e9chantillonnage : batch, \u00e0 acc\u00e8s al\u00e9atoire<br \/>\nConfiguration : compact, sur pied, plateforme<br \/>\nCadence : 171 p\/h<br \/>\nDur\u00e9e d&#8217;analyse : 17 min<\/p>\n","protected":false},"excerpt":{"rendered":"<p>L&#8217; Automate de chimioluminescence LIAISON  XL Diasorin est un analyseur de chimioluminescence enti\u00e8rement automatis\u00e9, effectuant un traitement complet de l&#8217;\u00e9chantillon (pr\u00e9-dilutions d&#8217;\u00e9chantillons, distribution d&#8217;\u00e9chantillons et de r\u00e9actifs, incubations, processus de lavage, etc.) ainsi que la mesure et l&#8217;\u00e9valuation<\/p>\n","protected":false},"featured_media":1408,"comment_status":"open","ping_status":"closed","template":"","meta":{"_kadence_starter_templates_imported_post":true,"_kad_post_transparent":"default","_kad_post_title":"","_kad_post_layout":"default","_kad_post_sidebar_id":"","_kad_post_content_style":"default","_kad_post_vertical_padding":"default","_kad_post_feature":"","_kad_post_feature_position":"","_kad_post_header":false,"_kad_post_footer":false,"_kad_post_classname":""},"product_brand":[],"product_cat":[41],"product_tag":[],"class_list":{"0":"post-239","1":"product","2":"type-product","3":"status-publish","4":"has-post-thumbnail","6":"product_cat-immunologie","8":"first","9":"instock","10":"featured","11":"taxable","12":"shipping-taxable","13":"product-type-simple","14":"entry","15":"content-bg","16":"loop-entry"},"yoast_head":"<!-- This site is optimized with the Yoast SEO plugin v26.6 - https:\/\/yoast.com\/wordpress\/plugins\/seo\/ -->\n<title>Analyseur d&#039;immunoanalyse enti\u00e8rement automatis\u00e9 LIAISON\u00ae XL - Lifecare Technologies Gabon<\/title>\n<meta name=\"description\" content=\"Distributeur de Dispositifs M\u00e9dicaux et param\u00e9dicaux \u00e0 Libreville-Gabon\" \/>\n<meta name=\"robots\" content=\"index, follow, max-snippet:-1, max-image-preview:large, max-video-preview:-1\" \/>\n<link rel=\"canonical\" href=\"https:\/\/www.lifecaregabon.com\/index.php\/product\/liaison-xl\/\" \/>\n<meta property=\"og:locale\" content=\"en_US\" \/>\n<meta property=\"og:type\" content=\"article\" \/>\n<meta property=\"og:title\" content=\"Analyseur d&#039;immunoanalyse enti\u00e8rement automatis\u00e9 LIAISON\u00ae XL - Lifecare Technologies Gabon\" \/>\n<meta property=\"og:description\" content=\"Distributeur de Dispositifs M\u00e9dicaux et param\u00e9dicaux \u00e0 Libreville-Gabon\" \/>\n<meta property=\"og:url\" content=\"https:\/\/www.lifecaregabon.com\/index.php\/product\/liaison-xl\/\" \/>\n<meta property=\"og:site_name\" content=\"Lifecare Technologies Gabon\" \/>\n<meta property=\"article:publisher\" content=\"https:\/\/www.facebook.com\/profile.php?id=61564959212945\" \/>\n<meta property=\"article:modified_time\" content=\"2026-01-23T05:33:10+00:00\" \/>\n<meta property=\"og:image\" content=\"https:\/\/www.lifecaregabon.com\/wp-content\/uploads\/2020\/10\/WhatsApp-Image-2024-12-11-a-09.01.30_57670fd5.jpg\" \/>\n\t<meta property=\"og:image:width\" content=\"810\" \/>\n\t<meta property=\"og:image:height\" content=\"810\" \/>\n\t<meta property=\"og:image:type\" content=\"image\/jpeg\" \/>\n<meta name=\"twitter:card\" content=\"summary_large_image\" \/>\n<script type=\"application\/ld+json\" class=\"yoast-schema-graph\">{\"@context\":\"https:\/\/schema.org\",\"@graph\":[{\"@type\":\"WebPage\",\"@id\":\"https:\/\/www.lifecaregabon.com\/index.php\/product\/liaison-xl\/\",\"url\":\"https:\/\/www.lifecaregabon.com\/index.php\/product\/liaison-xl\/\",\"name\":\"Analyseur d'immunoanalyse enti\u00e8rement automatis\u00e9 LIAISON\u00ae XL - Lifecare Technologies Gabon\",\"isPartOf\":{\"@id\":\"https:\/\/www.lifecaregabon.com\/#website\"},\"primaryImageOfPage\":{\"@id\":\"https:\/\/www.lifecaregabon.com\/index.php\/product\/liaison-xl\/#primaryimage\"},\"image\":{\"@id\":\"https:\/\/www.lifecaregabon.com\/index.php\/product\/liaison-xl\/#primaryimage\"},\"thumbnailUrl\":\"https:\/\/www.lifecaregabon.com\/wp-content\/uploads\/2020\/10\/WhatsApp-Image-2024-12-11-a-09.01.30_57670fd5.jpg\",\"datePublished\":\"2020-10-23T10:06:25+00:00\",\"dateModified\":\"2026-01-23T05:33:10+00:00\",\"description\":\"Distributeur de Dispositifs M\u00e9dicaux et param\u00e9dicaux \u00e0 Libreville-Gabon\",\"breadcrumb\":{\"@id\":\"https:\/\/www.lifecaregabon.com\/index.php\/product\/liaison-xl\/#breadcrumb\"},\"inLanguage\":\"en-US\",\"potentialAction\":[{\"@type\":\"ReadAction\",\"target\":[\"https:\/\/www.lifecaregabon.com\/index.php\/product\/liaison-xl\/\"]}]},{\"@type\":\"ImageObject\",\"inLanguage\":\"en-US\",\"@id\":\"https:\/\/www.lifecaregabon.com\/index.php\/product\/liaison-xl\/#primaryimage\",\"url\":\"https:\/\/www.lifecaregabon.com\/wp-content\/uploads\/2020\/10\/WhatsApp-Image-2024-12-11-a-09.01.30_57670fd5.jpg\",\"contentUrl\":\"https:\/\/www.lifecaregabon.com\/wp-content\/uploads\/2020\/10\/WhatsApp-Image-2024-12-11-a-09.01.30_57670fd5.jpg\",\"width\":810,\"height\":810},{\"@type\":\"BreadcrumbList\",\"@id\":\"https:\/\/www.lifecaregabon.com\/index.php\/product\/liaison-xl\/#breadcrumb\",\"itemListElement\":[{\"@type\":\"ListItem\",\"position\":1,\"name\":\"Accueil\",\"item\":\"https:\/\/www.lifecaregabon.com\/\"},{\"@type\":\"ListItem\",\"position\":2,\"name\":\"Boutique\",\"item\":\"https:\/\/www.lifecaregabon.com\/index.php\/shop-2\/\"},{\"@type\":\"ListItem\",\"position\":3,\"name\":\"Analyseur d&rsquo;immunoanalyse enti\u00e8rement automatis\u00e9 LIAISON\u00ae XL\"}]},{\"@type\":\"WebSite\",\"@id\":\"https:\/\/www.lifecaregabon.com\/#website\",\"url\":\"https:\/\/www.lifecaregabon.com\/\",\"name\":\"Lifecare Technologies Gabon\",\"description\":\"Dispositifs M\u00e9dicaux\",\"publisher\":{\"@id\":\"https:\/\/www.lifecaregabon.com\/#organization\"},\"potentialAction\":[{\"@type\":\"SearchAction\",\"target\":{\"@type\":\"EntryPoint\",\"urlTemplate\":\"https:\/\/www.lifecaregabon.com\/?s={search_term_string}\"},\"query-input\":{\"@type\":\"PropertyValueSpecification\",\"valueRequired\":true,\"valueName\":\"search_term_string\"}}],\"inLanguage\":\"en-US\"},{\"@type\":\"Organization\",\"@id\":\"https:\/\/www.lifecaregabon.com\/#organization\",\"name\":\"Lifecare Technologies Gabon\",\"url\":\"https:\/\/www.lifecaregabon.com\/\",\"logo\":{\"@type\":\"ImageObject\",\"inLanguage\":\"en-US\",\"@id\":\"https:\/\/www.lifecaregabon.com\/#\/schema\/logo\/image\/\",\"url\":\"https:\/\/www.lifecaregabon.com\/wp-content\/uploads\/2024\/12\/cropped-cropped-logo-ltc-3.jpg\",\"contentUrl\":\"https:\/\/www.lifecaregabon.com\/wp-content\/uploads\/2024\/12\/cropped-cropped-logo-ltc-3.jpg\",\"width\":639,\"height\":391,\"caption\":\"Lifecare Technologies Gabon\"},\"image\":{\"@id\":\"https:\/\/www.lifecaregabon.com\/#\/schema\/logo\/image\/\"},\"sameAs\":[\"https:\/\/www.facebook.com\/profile.php?id=61564959212945\",\"https:\/\/x.com\/i\/flow\/login?redirect_after_login=lifecare_sarl\"]}]}<\/script>\n<!-- \/ Yoast SEO plugin. -->","yoast_head_json":{"title":"Analyseur d'immunoanalyse enti\u00e8rement automatis\u00e9 LIAISON\u00ae XL - Lifecare Technologies Gabon","description":"Distributeur de Dispositifs M\u00e9dicaux et param\u00e9dicaux \u00e0 Libreville-Gabon","robots":{"index":"index","follow":"follow","max-snippet":"max-snippet:-1","max-image-preview":"max-image-preview:large","max-video-preview":"max-video-preview:-1"},"canonical":"https:\/\/www.lifecaregabon.com\/index.php\/product\/liaison-xl\/","og_locale":"en_US","og_type":"article","og_title":"Analyseur d'immunoanalyse enti\u00e8rement automatis\u00e9 LIAISON\u00ae XL - Lifecare Technologies Gabon","og_description":"Distributeur de Dispositifs M\u00e9dicaux et param\u00e9dicaux \u00e0 Libreville-Gabon","og_url":"https:\/\/www.lifecaregabon.com\/index.php\/product\/liaison-xl\/","og_site_name":"Lifecare Technologies Gabon","article_publisher":"https:\/\/www.facebook.com\/profile.php?id=61564959212945","article_modified_time":"2026-01-23T05:33:10+00:00","og_image":[{"width":810,"height":810,"url":"https:\/\/www.lifecaregabon.com\/wp-content\/uploads\/2020\/10\/WhatsApp-Image-2024-12-11-a-09.01.30_57670fd5.jpg","type":"image\/jpeg"}],"twitter_card":"summary_large_image","schema":{"@context":"https:\/\/schema.org","@graph":[{"@type":"WebPage","@id":"https:\/\/www.lifecaregabon.com\/index.php\/product\/liaison-xl\/","url":"https:\/\/www.lifecaregabon.com\/index.php\/product\/liaison-xl\/","name":"Analyseur d'immunoanalyse enti\u00e8rement automatis\u00e9 LIAISON\u00ae XL - Lifecare Technologies Gabon","isPartOf":{"@id":"https:\/\/www.lifecaregabon.com\/#website"},"primaryImageOfPage":{"@id":"https:\/\/www.lifecaregabon.com\/index.php\/product\/liaison-xl\/#primaryimage"},"image":{"@id":"https:\/\/www.lifecaregabon.com\/index.php\/product\/liaison-xl\/#primaryimage"},"thumbnailUrl":"https:\/\/www.lifecaregabon.com\/wp-content\/uploads\/2020\/10\/WhatsApp-Image-2024-12-11-a-09.01.30_57670fd5.jpg","datePublished":"2020-10-23T10:06:25+00:00","dateModified":"2026-01-23T05:33:10+00:00","description":"Distributeur de Dispositifs M\u00e9dicaux et param\u00e9dicaux \u00e0 Libreville-Gabon","breadcrumb":{"@id":"https:\/\/www.lifecaregabon.com\/index.php\/product\/liaison-xl\/#breadcrumb"},"inLanguage":"en-US","potentialAction":[{"@type":"ReadAction","target":["https:\/\/www.lifecaregabon.com\/index.php\/product\/liaison-xl\/"]}]},{"@type":"ImageObject","inLanguage":"en-US","@id":"https:\/\/www.lifecaregabon.com\/index.php\/product\/liaison-xl\/#primaryimage","url":"https:\/\/www.lifecaregabon.com\/wp-content\/uploads\/2020\/10\/WhatsApp-Image-2024-12-11-a-09.01.30_57670fd5.jpg","contentUrl":"https:\/\/www.lifecaregabon.com\/wp-content\/uploads\/2020\/10\/WhatsApp-Image-2024-12-11-a-09.01.30_57670fd5.jpg","width":810,"height":810},{"@type":"BreadcrumbList","@id":"https:\/\/www.lifecaregabon.com\/index.php\/product\/liaison-xl\/#breadcrumb","itemListElement":[{"@type":"ListItem","position":1,"name":"Accueil","item":"https:\/\/www.lifecaregabon.com\/"},{"@type":"ListItem","position":2,"name":"Boutique","item":"https:\/\/www.lifecaregabon.com\/index.php\/shop-2\/"},{"@type":"ListItem","position":3,"name":"Analyseur d&rsquo;immunoanalyse enti\u00e8rement automatis\u00e9 LIAISON\u00ae XL"}]},{"@type":"WebSite","@id":"https:\/\/www.lifecaregabon.com\/#website","url":"https:\/\/www.lifecaregabon.com\/","name":"Lifecare Technologies Gabon","description":"Dispositifs M\u00e9dicaux","publisher":{"@id":"https:\/\/www.lifecaregabon.com\/#organization"},"potentialAction":[{"@type":"SearchAction","target":{"@type":"EntryPoint","urlTemplate":"https:\/\/www.lifecaregabon.com\/?s={search_term_string}"},"query-input":{"@type":"PropertyValueSpecification","valueRequired":true,"valueName":"search_term_string"}}],"inLanguage":"en-US"},{"@type":"Organization","@id":"https:\/\/www.lifecaregabon.com\/#organization","name":"Lifecare Technologies Gabon","url":"https:\/\/www.lifecaregabon.com\/","logo":{"@type":"ImageObject","inLanguage":"en-US","@id":"https:\/\/www.lifecaregabon.com\/#\/schema\/logo\/image\/","url":"https:\/\/www.lifecaregabon.com\/wp-content\/uploads\/2024\/12\/cropped-cropped-logo-ltc-3.jpg","contentUrl":"https:\/\/www.lifecaregabon.com\/wp-content\/uploads\/2024\/12\/cropped-cropped-logo-ltc-3.jpg","width":639,"height":391,"caption":"Lifecare Technologies Gabon"},"image":{"@id":"https:\/\/www.lifecaregabon.com\/#\/schema\/logo\/image\/"},"sameAs":["https:\/\/www.facebook.com\/profile.php?id=61564959212945","https:\/\/x.com\/i\/flow\/login?redirect_after_login=lifecare_sarl"]}]}},"_links":{"self":[{"href":"https:\/\/www.lifecaregabon.com\/index.php\/wp-json\/wp\/v2\/product\/239","targetHints":{"allow":["GET"]}}],"collection":[{"href":"https:\/\/www.lifecaregabon.com\/index.php\/wp-json\/wp\/v2\/product"}],"about":[{"href":"https:\/\/www.lifecaregabon.com\/index.php\/wp-json\/wp\/v2\/types\/product"}],"replies":[{"embeddable":true,"href":"https:\/\/www.lifecaregabon.com\/index.php\/wp-json\/wp\/v2\/comments?post=239"}],"wp:featuredmedia":[{"embeddable":true,"href":"https:\/\/www.lifecaregabon.com\/index.php\/wp-json\/wp\/v2\/media\/1408"}],"wp:attachment":[{"href":"https:\/\/www.lifecaregabon.com\/index.php\/wp-json\/wp\/v2\/media?parent=239"}],"wp:term":[{"taxonomy":"product_brand","embeddable":true,"href":"https:\/\/www.lifecaregabon.com\/index.php\/wp-json\/wp\/v2\/product_brand?post=239"},{"taxonomy":"product_cat","embeddable":true,"href":"https:\/\/www.lifecaregabon.com\/index.php\/wp-json\/wp\/v2\/product_cat?post=239"},{"taxonomy":"product_tag","embeddable":true,"href":"https:\/\/www.lifecaregabon.com\/index.php\/wp-json\/wp\/v2\/product_tag?post=239"}],"curies":[{"name":"wp","href":"https:\/\/api.w.org\/{rel}","templated":true}]}}