{"id":1716,"date":"2025-06-13T15:36:05","date_gmt":"2025-06-13T13:36:05","guid":{"rendered":"https:\/\/www.lifecaregabon.com\/?post_type=product&#038;p=1716"},"modified":"2025-06-13T15:36:05","modified_gmt":"2025-06-13T13:36:05","slug":"humafia","status":"publish","type":"product","link":"https:\/\/www.lifecaregabon.com\/index.php\/product\/humafia\/","title":{"rendered":"HumaFIA"},"content":{"rendered":"<p><strong>Le HumaFIA<\/strong> est notre nouvel ajout \u00e0 la gamme de produits d&#8217;immunodosage. Il est facile \u00e0 utiliser et permet des r\u00e9sultats rapides et pr\u00e9cis in situ. L&#8217;exceptionnelle technologie de fluorescence r\u00e9solue en temps permet de r\u00e9aliser des tests avec une sensibilit\u00e9 tr\u00e8s \u00e9lev\u00e9e pour la d\u00e9tection pr\u00e9coce de maladies graves telles que les l\u00e9sions cardiaques aigu\u00ebs, la septic\u00e9mie ou l&#8217;inflammation. Une large gamme de diagnostics et de tests peut \u00eatre r\u00e9alis\u00e9e avec un seul syst\u00e8me.<br \/>\nInfarctus aigu du myocarde (crise cardiaque)<\/p>\n<p>HumaFIA Troponin I permet un diagnostic<br \/>\npr\u00e9coce gr\u00e2ce \u00e0 une gamme de mesure \u00e9largie<br \/>\net une limite de d\u00e9tection basse (LD = 0,02 ng\/ml)<br \/>\nInsuffisance cardiaque<br \/>\n> Un diagnostic pr\u00e9cis et une surveillance continue sont essentiels<br \/>\n pour les maladies aigu\u00ebs et chroniques<br \/>\n> Les valeurs de NT-proBNP inf\u00e9rieures \u00e0 300 pg\/ml excluent l&#8217;insuffisance<br \/>\n cardiaque. Des examens compl\u00e9mentaires ne sont souvent pas n\u00e9cessaires<br \/>\nHumaFIA NT-proBNP est un marqueur<br \/>\ndiagnostique et pronostique avec une gamme<br \/>\nde lin\u00e9arit\u00e9 \u00e9tendue allant jusqu&#8217;\u00e0 40 000 pg\/ml<br \/>\nTroubles thyro\u00efdiens<br \/>\n> La glande thyro\u00efde joue un r\u00f4le cl\u00e9 dans la r\u00e9gulation du m\u00e9tabolisme,<br \/>\n la production d&#8217;\u00e9nergie et le fonctionnement g\u00e9n\u00e9ral de l&#8217;organisme<br \/>\n> Une d\u00e9tection pr\u00e9coce gr\u00e2ce \u00e0 des tests diagnostiques peut<br \/>\n permettre d&#8217;identifier les troubles de la thyro\u00efde avant qu&#8217;ils n&#8217;entra\u00eenent<br \/>\n de s\u00e9rieuses complications (comme l&#8217;hypothyro\u00efdie ou l\u2019hyperthyro\u00efdie)<br \/>\nLes tests HumaFIA TSH, T3, fT3, T4 et fT4<br \/>\nconstituent un panel complet pour l\u2019\u00e9valuation<br \/>\nde la fonction, l&#8217;activit\u00e9, l&#8217;auto-immunit\u00e9 et les<br \/>\nconditions g\u00e9n\u00e9rales de sant\u00e9 de la thyro\u00efde<\/p>\n","protected":false},"excerpt":{"rendered":"<p><strong>L\u2019immunofluorescence pour des r\u00e9sultats pr\u00e9cis in situ<\/strong><br \/>\nLe syst\u00e8me HumaFIA permet de doser les hormones thyro\u00efdiennes, les marqueurs cardiaques, les param\u00e8tres d&#8217;infection, l&#8217;an\u00e9mie et les marqueurs m\u00e9taboliques et rhumatismaux. <\/p>\n","protected":false},"featured_media":1717,"comment_status":"open","ping_status":"closed","template":"","meta":{"_kadence_starter_templates_imported_post":false,"_kad_post_transparent":"default","_kad_post_title":"","_kad_post_layout":"default","_kad_post_sidebar_id":"","_kad_post_content_style":"default","_kad_post_vertical_padding":"default","_kad_post_feature":"","_kad_post_feature_position":"","_kad_post_header":false,"_kad_post_footer":false,"_kad_post_classname":""},"product_brand":[],"product_cat":[41],"product_tag":[],"class_list":{"0":"post-1716","1":"product","2":"type-product","3":"status-publish","4":"has-post-thumbnail","6":"product_cat-immunologie","8":"first","9":"instock","10":"product-type-simple","11":"entry","12":"content-bg","13":"loop-entry"},"yoast_head":"<!-- This site is optimized with the Yoast SEO plugin v26.6 - https:\/\/yoast.com\/wordpress\/plugins\/seo\/ -->\n<title>HumaFIA - Lifecare Technologies Gabon<\/title>\n<meta name=\"description\" content=\"Distributeur de Dispositifs M\u00e9dicaux et param\u00e9dicaux \u00e0 Libreville-Gabon\" \/>\n<meta name=\"robots\" content=\"index, follow, max-snippet:-1, max-image-preview:large, max-video-preview:-1\" \/>\n<link rel=\"canonical\" href=\"https:\/\/www.lifecaregabon.com\/index.php\/product\/humafia\/\" \/>\n<meta property=\"og:locale\" content=\"en_US\" \/>\n<meta property=\"og:type\" content=\"article\" \/>\n<meta property=\"og:title\" content=\"HumaFIA - Lifecare Technologies Gabon\" \/>\n<meta property=\"og:description\" content=\"Distributeur de Dispositifs M\u00e9dicaux et param\u00e9dicaux \u00e0 Libreville-Gabon\" \/>\n<meta property=\"og:url\" content=\"https:\/\/www.lifecaregabon.com\/index.php\/product\/humafia\/\" \/>\n<meta property=\"og:site_name\" content=\"Lifecare Technologies Gabon\" \/>\n<meta property=\"article:publisher\" content=\"https:\/\/www.facebook.com\/profile.php?id=61564959212945\" \/>\n<meta property=\"og:image\" content=\"https:\/\/www.lifecaregabon.com\/wp-content\/uploads\/2025\/06\/FIA.png\" \/>\n\t<meta property=\"og:image:width\" content=\"1000\" \/>\n\t<meta property=\"og:image:height\" content=\"1000\" \/>\n\t<meta property=\"og:image:type\" content=\"image\/png\" \/>\n<meta name=\"twitter:card\" content=\"summary_large_image\" \/>\n<meta name=\"twitter:label1\" content=\"Est. reading time\" \/>\n\t<meta name=\"twitter:data1\" content=\"1 minute\" \/>\n<script type=\"application\/ld+json\" class=\"yoast-schema-graph\">{\"@context\":\"https:\/\/schema.org\",\"@graph\":[{\"@type\":\"WebPage\",\"@id\":\"https:\/\/www.lifecaregabon.com\/index.php\/product\/humafia\/\",\"url\":\"https:\/\/www.lifecaregabon.com\/index.php\/product\/humafia\/\",\"name\":\"HumaFIA - Lifecare Technologies Gabon\",\"isPartOf\":{\"@id\":\"https:\/\/www.lifecaregabon.com\/#website\"},\"primaryImageOfPage\":{\"@id\":\"https:\/\/www.lifecaregabon.com\/index.php\/product\/humafia\/#primaryimage\"},\"image\":{\"@id\":\"https:\/\/www.lifecaregabon.com\/index.php\/product\/humafia\/#primaryimage\"},\"thumbnailUrl\":\"https:\/\/www.lifecaregabon.com\/wp-content\/uploads\/2025\/06\/FIA.png\",\"datePublished\":\"2025-06-13T13:36:05+00:00\",\"description\":\"Distributeur de Dispositifs M\u00e9dicaux et param\u00e9dicaux \u00e0 Libreville-Gabon\",\"breadcrumb\":{\"@id\":\"https:\/\/www.lifecaregabon.com\/index.php\/product\/humafia\/#breadcrumb\"},\"inLanguage\":\"en-US\",\"potentialAction\":[{\"@type\":\"ReadAction\",\"target\":[\"https:\/\/www.lifecaregabon.com\/index.php\/product\/humafia\/\"]}]},{\"@type\":\"ImageObject\",\"inLanguage\":\"en-US\",\"@id\":\"https:\/\/www.lifecaregabon.com\/index.php\/product\/humafia\/#primaryimage\",\"url\":\"https:\/\/www.lifecaregabon.com\/wp-content\/uploads\/2025\/06\/FIA.png\",\"contentUrl\":\"https:\/\/www.lifecaregabon.com\/wp-content\/uploads\/2025\/06\/FIA.png\",\"width\":1000,\"height\":1000},{\"@type\":\"BreadcrumbList\",\"@id\":\"https:\/\/www.lifecaregabon.com\/index.php\/product\/humafia\/#breadcrumb\",\"itemListElement\":[{\"@type\":\"ListItem\",\"position\":1,\"name\":\"Accueil\",\"item\":\"https:\/\/www.lifecaregabon.com\/\"},{\"@type\":\"ListItem\",\"position\":2,\"name\":\"Boutique\",\"item\":\"https:\/\/www.lifecaregabon.com\/index.php\/shop-2\/\"},{\"@type\":\"ListItem\",\"position\":3,\"name\":\"HumaFIA\"}]},{\"@type\":\"WebSite\",\"@id\":\"https:\/\/www.lifecaregabon.com\/#website\",\"url\":\"https:\/\/www.lifecaregabon.com\/\",\"name\":\"Lifecare Technologies Gabon\",\"description\":\"Dispositifs M\u00e9dicaux\",\"publisher\":{\"@id\":\"https:\/\/www.lifecaregabon.com\/#organization\"},\"potentialAction\":[{\"@type\":\"SearchAction\",\"target\":{\"@type\":\"EntryPoint\",\"urlTemplate\":\"https:\/\/www.lifecaregabon.com\/?s={search_term_string}\"},\"query-input\":{\"@type\":\"PropertyValueSpecification\",\"valueRequired\":true,\"valueName\":\"search_term_string\"}}],\"inLanguage\":\"en-US\"},{\"@type\":\"Organization\",\"@id\":\"https:\/\/www.lifecaregabon.com\/#organization\",\"name\":\"Lifecare Technologies Gabon\",\"url\":\"https:\/\/www.lifecaregabon.com\/\",\"logo\":{\"@type\":\"ImageObject\",\"inLanguage\":\"en-US\",\"@id\":\"https:\/\/www.lifecaregabon.com\/#\/schema\/logo\/image\/\",\"url\":\"https:\/\/www.lifecaregabon.com\/wp-content\/uploads\/2024\/12\/cropped-cropped-logo-ltc-3.jpg\",\"contentUrl\":\"https:\/\/www.lifecaregabon.com\/wp-content\/uploads\/2024\/12\/cropped-cropped-logo-ltc-3.jpg\",\"width\":639,\"height\":391,\"caption\":\"Lifecare Technologies Gabon\"},\"image\":{\"@id\":\"https:\/\/www.lifecaregabon.com\/#\/schema\/logo\/image\/\"},\"sameAs\":[\"https:\/\/www.facebook.com\/profile.php?id=61564959212945\",\"https:\/\/x.com\/i\/flow\/login?redirect_after_login=lifecare_sarl\"]}]}<\/script>\n<!-- \/ Yoast SEO plugin. -->","yoast_head_json":{"title":"HumaFIA - Lifecare Technologies Gabon","description":"Distributeur de Dispositifs M\u00e9dicaux et param\u00e9dicaux \u00e0 Libreville-Gabon","robots":{"index":"index","follow":"follow","max-snippet":"max-snippet:-1","max-image-preview":"max-image-preview:large","max-video-preview":"max-video-preview:-1"},"canonical":"https:\/\/www.lifecaregabon.com\/index.php\/product\/humafia\/","og_locale":"en_US","og_type":"article","og_title":"HumaFIA - Lifecare Technologies Gabon","og_description":"Distributeur de Dispositifs M\u00e9dicaux et param\u00e9dicaux \u00e0 Libreville-Gabon","og_url":"https:\/\/www.lifecaregabon.com\/index.php\/product\/humafia\/","og_site_name":"Lifecare Technologies Gabon","article_publisher":"https:\/\/www.facebook.com\/profile.php?id=61564959212945","og_image":[{"width":1000,"height":1000,"url":"https:\/\/www.lifecaregabon.com\/wp-content\/uploads\/2025\/06\/FIA.png","type":"image\/png"}],"twitter_card":"summary_large_image","twitter_misc":{"Est. reading time":"1 minute"},"schema":{"@context":"https:\/\/schema.org","@graph":[{"@type":"WebPage","@id":"https:\/\/www.lifecaregabon.com\/index.php\/product\/humafia\/","url":"https:\/\/www.lifecaregabon.com\/index.php\/product\/humafia\/","name":"HumaFIA - Lifecare Technologies Gabon","isPartOf":{"@id":"https:\/\/www.lifecaregabon.com\/#website"},"primaryImageOfPage":{"@id":"https:\/\/www.lifecaregabon.com\/index.php\/product\/humafia\/#primaryimage"},"image":{"@id":"https:\/\/www.lifecaregabon.com\/index.php\/product\/humafia\/#primaryimage"},"thumbnailUrl":"https:\/\/www.lifecaregabon.com\/wp-content\/uploads\/2025\/06\/FIA.png","datePublished":"2025-06-13T13:36:05+00:00","description":"Distributeur de Dispositifs M\u00e9dicaux et param\u00e9dicaux \u00e0 Libreville-Gabon","breadcrumb":{"@id":"https:\/\/www.lifecaregabon.com\/index.php\/product\/humafia\/#breadcrumb"},"inLanguage":"en-US","potentialAction":[{"@type":"ReadAction","target":["https:\/\/www.lifecaregabon.com\/index.php\/product\/humafia\/"]}]},{"@type":"ImageObject","inLanguage":"en-US","@id":"https:\/\/www.lifecaregabon.com\/index.php\/product\/humafia\/#primaryimage","url":"https:\/\/www.lifecaregabon.com\/wp-content\/uploads\/2025\/06\/FIA.png","contentUrl":"https:\/\/www.lifecaregabon.com\/wp-content\/uploads\/2025\/06\/FIA.png","width":1000,"height":1000},{"@type":"BreadcrumbList","@id":"https:\/\/www.lifecaregabon.com\/index.php\/product\/humafia\/#breadcrumb","itemListElement":[{"@type":"ListItem","position":1,"name":"Accueil","item":"https:\/\/www.lifecaregabon.com\/"},{"@type":"ListItem","position":2,"name":"Boutique","item":"https:\/\/www.lifecaregabon.com\/index.php\/shop-2\/"},{"@type":"ListItem","position":3,"name":"HumaFIA"}]},{"@type":"WebSite","@id":"https:\/\/www.lifecaregabon.com\/#website","url":"https:\/\/www.lifecaregabon.com\/","name":"Lifecare Technologies Gabon","description":"Dispositifs M\u00e9dicaux","publisher":{"@id":"https:\/\/www.lifecaregabon.com\/#organization"},"potentialAction":[{"@type":"SearchAction","target":{"@type":"EntryPoint","urlTemplate":"https:\/\/www.lifecaregabon.com\/?s={search_term_string}"},"query-input":{"@type":"PropertyValueSpecification","valueRequired":true,"valueName":"search_term_string"}}],"inLanguage":"en-US"},{"@type":"Organization","@id":"https:\/\/www.lifecaregabon.com\/#organization","name":"Lifecare Technologies Gabon","url":"https:\/\/www.lifecaregabon.com\/","logo":{"@type":"ImageObject","inLanguage":"en-US","@id":"https:\/\/www.lifecaregabon.com\/#\/schema\/logo\/image\/","url":"https:\/\/www.lifecaregabon.com\/wp-content\/uploads\/2024\/12\/cropped-cropped-logo-ltc-3.jpg","contentUrl":"https:\/\/www.lifecaregabon.com\/wp-content\/uploads\/2024\/12\/cropped-cropped-logo-ltc-3.jpg","width":639,"height":391,"caption":"Lifecare Technologies Gabon"},"image":{"@id":"https:\/\/www.lifecaregabon.com\/#\/schema\/logo\/image\/"},"sameAs":["https:\/\/www.facebook.com\/profile.php?id=61564959212945","https:\/\/x.com\/i\/flow\/login?redirect_after_login=lifecare_sarl"]}]}},"_links":{"self":[{"href":"https:\/\/www.lifecaregabon.com\/index.php\/wp-json\/wp\/v2\/product\/1716","targetHints":{"allow":["GET"]}}],"collection":[{"href":"https:\/\/www.lifecaregabon.com\/index.php\/wp-json\/wp\/v2\/product"}],"about":[{"href":"https:\/\/www.lifecaregabon.com\/index.php\/wp-json\/wp\/v2\/types\/product"}],"replies":[{"embeddable":true,"href":"https:\/\/www.lifecaregabon.com\/index.php\/wp-json\/wp\/v2\/comments?post=1716"}],"wp:featuredmedia":[{"embeddable":true,"href":"https:\/\/www.lifecaregabon.com\/index.php\/wp-json\/wp\/v2\/media\/1717"}],"wp:attachment":[{"href":"https:\/\/www.lifecaregabon.com\/index.php\/wp-json\/wp\/v2\/media?parent=1716"}],"wp:term":[{"taxonomy":"product_brand","embeddable":true,"href":"https:\/\/www.lifecaregabon.com\/index.php\/wp-json\/wp\/v2\/product_brand?post=1716"},{"taxonomy":"product_cat","embeddable":true,"href":"https:\/\/www.lifecaregabon.com\/index.php\/wp-json\/wp\/v2\/product_cat?post=1716"},{"taxonomy":"product_tag","embeddable":true,"href":"https:\/\/www.lifecaregabon.com\/index.php\/wp-json\/wp\/v2\/product_tag?post=1716"}],"curies":[{"name":"wp","href":"https:\/\/api.w.org\/{rel}","templated":true}]}}