{"id":1525,"date":"2024-12-12T09:04:58","date_gmt":"2024-12-12T08:04:58","guid":{"rendered":"http:\/\/www.lifecaregabon.com\/?post_type=product&#038;p=1525"},"modified":"2024-12-12T09:04:58","modified_gmt":"2024-12-12T08:04:58","slug":"mediawel-preparateur-de-milieux-de-25-a-30l","status":"publish","type":"product","link":"https:\/\/www.lifecaregabon.com\/index.php\/product\/mediawel-preparateur-de-milieux-de-25-a-30l\/","title":{"rendered":"MEDIAWEL &#8211; Pr\u00e9parateur de milieux de 2,5 \u00e0 30L"},"content":{"rendered":"<p>Pr\u00e9paration de g\u00e9lose au sang\tOUI<br \/>\nCapacit\u00e9\t2,5 \u00e0 30 litres<br \/>\nNombre de programmes param\u00e9trables\t50<br \/>\nDimensions (cm)\t585 x 1053 x 735 mm<br \/>\nTemp\u00e9ratures de distribution\t25\u00b0C \u00e0 80\u00b0C<br \/>\nFabrication Fran\u00e7aise\tOui<br \/>\nInterface\tTactile<br \/>\nD\u00e9signation\tPREPARATEUR DE MILIEUX ET DILUANTS DE 2,5 A 30 LITRES<br \/>\nMarque\tABE<br \/>\nMobilit\u00e9 \/ Stabilit\u00e9\t4 grandes roues avec freins<br \/>\nAlimentation\tMEDW1001 : 400V +\/- 10%, triphas\u00e9 (18A max par phase), 50\/60 Hz, 9000W +\/- 10% \/ MEDW1002 : 208V +\/- 10%, triphas\u00e9 (28A max par phase), 50\/60 Hz, 7400W +\/- 10%<br \/>\nType de produit\tEquipement<br \/>\nProduct weight\t154<br \/>\nD\u00e9lai de livraison standard\tLivraison pr\u00e9vue sous 60 jours<br \/>\nTemp\u00e9ratre de st\u00e9rilisation\t95\u00b0C \u00e0 125\u00b0C<br \/>\nTemps de st\u00e9rilisation\t1 \u00e0 99 min<br \/>\nPr\u00e9cision de la temp\u00e9rature\t\u00b1 1\u00b0C<\/p>\n","protected":false},"excerpt":{"rendered":"<p>Derni\u00e8re g\u00e9n\u00e9ration de pr\u00e9parateur, le Mediawel est \u00e0 la fois tr\u00e8s ergonomique mais \u00e9galement polyvalent. Compatible avec tous les types de g\u00e9loses et diluants, le Mediawel 30 est tr\u00e8s facile \u00e0 utiliser , notamment gr\u00e2ce \u00e0 son \u00e9cran tactile. Enregistrez jusqu&#8217;\u00e0 50 programmes, param\u00e9trables de 1 \u00e0 4 paliers de temp\u00e9ratures. Disposant d&#8217;une large cuve et d&#8217;un tr\u00e8s grand agitateur, le Mediawel 30 est tr\u00e8s facile \u00e0 nettoyer et \u00e9vite ainsi tout risque de contamination. \u00c9quip\u00e9 de grandes roues , le Mediawel 30 est tr\u00e8s facile \u00e0 d\u00e9placer. Vous pourrez \u00e9galement couvrir tous vos besoin puisque la conception de sa cuve permet la pr\u00e9paration de 2,5 litres jusqu\u2019\u00e0 30 litres.<br \/>\nPolyvalent: de 2,5 \u00e0 30 litres<br \/>\nProductif: Jusqu&#8217;\u00e0 50 programmes avec cycles rapides<br \/>\nErgonomique: Ecran tactile, large cuve et grande roues<br \/>\n.<\/p>\n","protected":false},"featured_media":1526,"comment_status":"open","ping_status":"closed","template":"","meta":{"_kadence_starter_templates_imported_post":false,"_kad_post_transparent":"default","_kad_post_title":"","_kad_post_layout":"default","_kad_post_sidebar_id":"","_kad_post_content_style":"default","_kad_post_vertical_padding":"default","_kad_post_feature":"","_kad_post_feature_position":"","_kad_post_header":false,"_kad_post_footer":false,"_kad_post_classname":""},"product_brand":[],"product_cat":[50],"product_tag":[],"class_list":{"0":"post-1525","1":"product","2":"type-product","3":"status-publish","4":"has-post-thumbnail","6":"product_cat-microbiologie","8":"first","9":"instock","10":"taxable","11":"shipping-taxable","12":"product-type-simple","13":"entry","14":"content-bg","15":"loop-entry"},"yoast_head":"<!-- This site is optimized with the Yoast SEO plugin v26.6 - https:\/\/yoast.com\/wordpress\/plugins\/seo\/ -->\n<title>MEDIAWEL - Pr\u00e9parateur de milieux de 2,5 \u00e0 30L - Lifecare Technologies Gabon<\/title>\n<meta name=\"description\" content=\"Distributeur de Dispositifs M\u00e9dicaux et param\u00e9dicaux \u00e0 Libreville-Gabon\" \/>\n<meta name=\"robots\" content=\"index, follow, max-snippet:-1, max-image-preview:large, max-video-preview:-1\" \/>\n<link rel=\"canonical\" href=\"https:\/\/www.lifecaregabon.com\/index.php\/product\/mediawel-preparateur-de-milieux-de-25-a-30l\/\" \/>\n<meta property=\"og:locale\" content=\"en_US\" \/>\n<meta property=\"og:type\" content=\"article\" \/>\n<meta property=\"og:title\" content=\"MEDIAWEL - Pr\u00e9parateur de milieux de 2,5 \u00e0 30L - Lifecare Technologies Gabon\" \/>\n<meta property=\"og:description\" content=\"Distributeur de Dispositifs M\u00e9dicaux et param\u00e9dicaux \u00e0 Libreville-Gabon\" \/>\n<meta property=\"og:url\" content=\"https:\/\/www.lifecaregabon.com\/index.php\/product\/mediawel-preparateur-de-milieux-de-25-a-30l\/\" \/>\n<meta property=\"og:site_name\" content=\"Lifecare Technologies Gabon\" \/>\n<meta property=\"article:publisher\" content=\"https:\/\/www.facebook.com\/profile.php?id=61564959212945\" \/>\n<meta property=\"og:image\" content=\"https:\/\/www.lifecaregabon.com\/wp-content\/uploads\/2024\/12\/WhatsApp-Image-2024-12-12-a-09.03.50_0787ca05.jpg\" \/>\n\t<meta property=\"og:image:width\" content=\"210\" \/>\n\t<meta property=\"og:image:height\" content=\"210\" \/>\n\t<meta property=\"og:image:type\" content=\"image\/jpeg\" \/>\n<meta name=\"twitter:card\" content=\"summary_large_image\" \/>\n<meta name=\"twitter:label1\" content=\"Est. reading time\" \/>\n\t<meta name=\"twitter:data1\" content=\"1 minute\" \/>\n<script type=\"application\/ld+json\" class=\"yoast-schema-graph\">{\"@context\":\"https:\/\/schema.org\",\"@graph\":[{\"@type\":\"WebPage\",\"@id\":\"https:\/\/www.lifecaregabon.com\/index.php\/product\/mediawel-preparateur-de-milieux-de-25-a-30l\/\",\"url\":\"https:\/\/www.lifecaregabon.com\/index.php\/product\/mediawel-preparateur-de-milieux-de-25-a-30l\/\",\"name\":\"MEDIAWEL - Pr\u00e9parateur de milieux de 2,5 \u00e0 30L - Lifecare Technologies Gabon\",\"isPartOf\":{\"@id\":\"https:\/\/www.lifecaregabon.com\/#website\"},\"primaryImageOfPage\":{\"@id\":\"https:\/\/www.lifecaregabon.com\/index.php\/product\/mediawel-preparateur-de-milieux-de-25-a-30l\/#primaryimage\"},\"image\":{\"@id\":\"https:\/\/www.lifecaregabon.com\/index.php\/product\/mediawel-preparateur-de-milieux-de-25-a-30l\/#primaryimage\"},\"thumbnailUrl\":\"https:\/\/www.lifecaregabon.com\/wp-content\/uploads\/2024\/12\/WhatsApp-Image-2024-12-12-a-09.03.50_0787ca05.jpg\",\"datePublished\":\"2024-12-12T08:04:58+00:00\",\"description\":\"Distributeur de Dispositifs M\u00e9dicaux et param\u00e9dicaux \u00e0 Libreville-Gabon\",\"breadcrumb\":{\"@id\":\"https:\/\/www.lifecaregabon.com\/index.php\/product\/mediawel-preparateur-de-milieux-de-25-a-30l\/#breadcrumb\"},\"inLanguage\":\"en-US\",\"potentialAction\":[{\"@type\":\"ReadAction\",\"target\":[\"https:\/\/www.lifecaregabon.com\/index.php\/product\/mediawel-preparateur-de-milieux-de-25-a-30l\/\"]}]},{\"@type\":\"ImageObject\",\"inLanguage\":\"en-US\",\"@id\":\"https:\/\/www.lifecaregabon.com\/index.php\/product\/mediawel-preparateur-de-milieux-de-25-a-30l\/#primaryimage\",\"url\":\"https:\/\/www.lifecaregabon.com\/wp-content\/uploads\/2024\/12\/WhatsApp-Image-2024-12-12-a-09.03.50_0787ca05.jpg\",\"contentUrl\":\"https:\/\/www.lifecaregabon.com\/wp-content\/uploads\/2024\/12\/WhatsApp-Image-2024-12-12-a-09.03.50_0787ca05.jpg\",\"width\":210,\"height\":210},{\"@type\":\"BreadcrumbList\",\"@id\":\"https:\/\/www.lifecaregabon.com\/index.php\/product\/mediawel-preparateur-de-milieux-de-25-a-30l\/#breadcrumb\",\"itemListElement\":[{\"@type\":\"ListItem\",\"position\":1,\"name\":\"Accueil\",\"item\":\"https:\/\/www.lifecaregabon.com\/\"},{\"@type\":\"ListItem\",\"position\":2,\"name\":\"Boutique\",\"item\":\"https:\/\/www.lifecaregabon.com\/index.php\/shop-2\/\"},{\"@type\":\"ListItem\",\"position\":3,\"name\":\"MEDIAWEL &#8211; Pr\u00e9parateur de milieux de 2,5 \u00e0 30L\"}]},{\"@type\":\"WebSite\",\"@id\":\"https:\/\/www.lifecaregabon.com\/#website\",\"url\":\"https:\/\/www.lifecaregabon.com\/\",\"name\":\"Lifecare Technologies Gabon\",\"description\":\"Dispositifs M\u00e9dicaux\",\"publisher\":{\"@id\":\"https:\/\/www.lifecaregabon.com\/#organization\"},\"potentialAction\":[{\"@type\":\"SearchAction\",\"target\":{\"@type\":\"EntryPoint\",\"urlTemplate\":\"https:\/\/www.lifecaregabon.com\/?s={search_term_string}\"},\"query-input\":{\"@type\":\"PropertyValueSpecification\",\"valueRequired\":true,\"valueName\":\"search_term_string\"}}],\"inLanguage\":\"en-US\"},{\"@type\":\"Organization\",\"@id\":\"https:\/\/www.lifecaregabon.com\/#organization\",\"name\":\"Lifecare Technologies Gabon\",\"url\":\"https:\/\/www.lifecaregabon.com\/\",\"logo\":{\"@type\":\"ImageObject\",\"inLanguage\":\"en-US\",\"@id\":\"https:\/\/www.lifecaregabon.com\/#\/schema\/logo\/image\/\",\"url\":\"https:\/\/www.lifecaregabon.com\/wp-content\/uploads\/2024\/12\/cropped-cropped-logo-ltc-3.jpg\",\"contentUrl\":\"https:\/\/www.lifecaregabon.com\/wp-content\/uploads\/2024\/12\/cropped-cropped-logo-ltc-3.jpg\",\"width\":639,\"height\":391,\"caption\":\"Lifecare Technologies Gabon\"},\"image\":{\"@id\":\"https:\/\/www.lifecaregabon.com\/#\/schema\/logo\/image\/\"},\"sameAs\":[\"https:\/\/www.facebook.com\/profile.php?id=61564959212945\",\"https:\/\/x.com\/i\/flow\/login?redirect_after_login=lifecare_sarl\"]}]}<\/script>\n<!-- \/ Yoast SEO plugin. -->","yoast_head_json":{"title":"MEDIAWEL - Pr\u00e9parateur de milieux de 2,5 \u00e0 30L - Lifecare Technologies Gabon","description":"Distributeur de Dispositifs M\u00e9dicaux et param\u00e9dicaux \u00e0 Libreville-Gabon","robots":{"index":"index","follow":"follow","max-snippet":"max-snippet:-1","max-image-preview":"max-image-preview:large","max-video-preview":"max-video-preview:-1"},"canonical":"https:\/\/www.lifecaregabon.com\/index.php\/product\/mediawel-preparateur-de-milieux-de-25-a-30l\/","og_locale":"en_US","og_type":"article","og_title":"MEDIAWEL - Pr\u00e9parateur de milieux de 2,5 \u00e0 30L - Lifecare Technologies Gabon","og_description":"Distributeur de Dispositifs M\u00e9dicaux et param\u00e9dicaux \u00e0 Libreville-Gabon","og_url":"https:\/\/www.lifecaregabon.com\/index.php\/product\/mediawel-preparateur-de-milieux-de-25-a-30l\/","og_site_name":"Lifecare Technologies Gabon","article_publisher":"https:\/\/www.facebook.com\/profile.php?id=61564959212945","og_image":[{"width":210,"height":210,"url":"https:\/\/www.lifecaregabon.com\/wp-content\/uploads\/2024\/12\/WhatsApp-Image-2024-12-12-a-09.03.50_0787ca05.jpg","type":"image\/jpeg"}],"twitter_card":"summary_large_image","twitter_misc":{"Est. reading time":"1 minute"},"schema":{"@context":"https:\/\/schema.org","@graph":[{"@type":"WebPage","@id":"https:\/\/www.lifecaregabon.com\/index.php\/product\/mediawel-preparateur-de-milieux-de-25-a-30l\/","url":"https:\/\/www.lifecaregabon.com\/index.php\/product\/mediawel-preparateur-de-milieux-de-25-a-30l\/","name":"MEDIAWEL - Pr\u00e9parateur de milieux de 2,5 \u00e0 30L - Lifecare Technologies Gabon","isPartOf":{"@id":"https:\/\/www.lifecaregabon.com\/#website"},"primaryImageOfPage":{"@id":"https:\/\/www.lifecaregabon.com\/index.php\/product\/mediawel-preparateur-de-milieux-de-25-a-30l\/#primaryimage"},"image":{"@id":"https:\/\/www.lifecaregabon.com\/index.php\/product\/mediawel-preparateur-de-milieux-de-25-a-30l\/#primaryimage"},"thumbnailUrl":"https:\/\/www.lifecaregabon.com\/wp-content\/uploads\/2024\/12\/WhatsApp-Image-2024-12-12-a-09.03.50_0787ca05.jpg","datePublished":"2024-12-12T08:04:58+00:00","description":"Distributeur de Dispositifs M\u00e9dicaux et param\u00e9dicaux \u00e0 Libreville-Gabon","breadcrumb":{"@id":"https:\/\/www.lifecaregabon.com\/index.php\/product\/mediawel-preparateur-de-milieux-de-25-a-30l\/#breadcrumb"},"inLanguage":"en-US","potentialAction":[{"@type":"ReadAction","target":["https:\/\/www.lifecaregabon.com\/index.php\/product\/mediawel-preparateur-de-milieux-de-25-a-30l\/"]}]},{"@type":"ImageObject","inLanguage":"en-US","@id":"https:\/\/www.lifecaregabon.com\/index.php\/product\/mediawel-preparateur-de-milieux-de-25-a-30l\/#primaryimage","url":"https:\/\/www.lifecaregabon.com\/wp-content\/uploads\/2024\/12\/WhatsApp-Image-2024-12-12-a-09.03.50_0787ca05.jpg","contentUrl":"https:\/\/www.lifecaregabon.com\/wp-content\/uploads\/2024\/12\/WhatsApp-Image-2024-12-12-a-09.03.50_0787ca05.jpg","width":210,"height":210},{"@type":"BreadcrumbList","@id":"https:\/\/www.lifecaregabon.com\/index.php\/product\/mediawel-preparateur-de-milieux-de-25-a-30l\/#breadcrumb","itemListElement":[{"@type":"ListItem","position":1,"name":"Accueil","item":"https:\/\/www.lifecaregabon.com\/"},{"@type":"ListItem","position":2,"name":"Boutique","item":"https:\/\/www.lifecaregabon.com\/index.php\/shop-2\/"},{"@type":"ListItem","position":3,"name":"MEDIAWEL &#8211; Pr\u00e9parateur de milieux de 2,5 \u00e0 30L"}]},{"@type":"WebSite","@id":"https:\/\/www.lifecaregabon.com\/#website","url":"https:\/\/www.lifecaregabon.com\/","name":"Lifecare Technologies Gabon","description":"Dispositifs M\u00e9dicaux","publisher":{"@id":"https:\/\/www.lifecaregabon.com\/#organization"},"potentialAction":[{"@type":"SearchAction","target":{"@type":"EntryPoint","urlTemplate":"https:\/\/www.lifecaregabon.com\/?s={search_term_string}"},"query-input":{"@type":"PropertyValueSpecification","valueRequired":true,"valueName":"search_term_string"}}],"inLanguage":"en-US"},{"@type":"Organization","@id":"https:\/\/www.lifecaregabon.com\/#organization","name":"Lifecare Technologies Gabon","url":"https:\/\/www.lifecaregabon.com\/","logo":{"@type":"ImageObject","inLanguage":"en-US","@id":"https:\/\/www.lifecaregabon.com\/#\/schema\/logo\/image\/","url":"https:\/\/www.lifecaregabon.com\/wp-content\/uploads\/2024\/12\/cropped-cropped-logo-ltc-3.jpg","contentUrl":"https:\/\/www.lifecaregabon.com\/wp-content\/uploads\/2024\/12\/cropped-cropped-logo-ltc-3.jpg","width":639,"height":391,"caption":"Lifecare Technologies Gabon"},"image":{"@id":"https:\/\/www.lifecaregabon.com\/#\/schema\/logo\/image\/"},"sameAs":["https:\/\/www.facebook.com\/profile.php?id=61564959212945","https:\/\/x.com\/i\/flow\/login?redirect_after_login=lifecare_sarl"]}]}},"_links":{"self":[{"href":"https:\/\/www.lifecaregabon.com\/index.php\/wp-json\/wp\/v2\/product\/1525","targetHints":{"allow":["GET"]}}],"collection":[{"href":"https:\/\/www.lifecaregabon.com\/index.php\/wp-json\/wp\/v2\/product"}],"about":[{"href":"https:\/\/www.lifecaregabon.com\/index.php\/wp-json\/wp\/v2\/types\/product"}],"replies":[{"embeddable":true,"href":"https:\/\/www.lifecaregabon.com\/index.php\/wp-json\/wp\/v2\/comments?post=1525"}],"wp:featuredmedia":[{"embeddable":true,"href":"https:\/\/www.lifecaregabon.com\/index.php\/wp-json\/wp\/v2\/media\/1526"}],"wp:attachment":[{"href":"https:\/\/www.lifecaregabon.com\/index.php\/wp-json\/wp\/v2\/media?parent=1525"}],"wp:term":[{"taxonomy":"product_brand","embeddable":true,"href":"https:\/\/www.lifecaregabon.com\/index.php\/wp-json\/wp\/v2\/product_brand?post=1525"},{"taxonomy":"product_cat","embeddable":true,"href":"https:\/\/www.lifecaregabon.com\/index.php\/wp-json\/wp\/v2\/product_cat?post=1525"},{"taxonomy":"product_tag","embeddable":true,"href":"https:\/\/www.lifecaregabon.com\/index.php\/wp-json\/wp\/v2\/product_tag?post=1525"}],"curies":[{"name":"wp","href":"https:\/\/api.w.org\/{rel}","templated":true}]}}