{"id":1517,"date":"2024-12-12T08:30:52","date_gmt":"2024-12-12T07:30:52","guid":{"rendered":"http:\/\/www.lifecaregabon.com\/?post_type=product&#038;p=1517"},"modified":"2024-12-12T08:30:52","modified_gmt":"2024-12-12T07:30:52","slug":"alethia-technologie-lamp","status":"publish","type":"product","link":"https:\/\/www.lifecaregabon.com\/index.php\/product\/alethia-technologie-lamp\/","title":{"rendered":"Alethia Technologie LAMP"},"content":{"rendered":"<p>Alethia permet aux laboratoires \u2013 quels que soient l\u2019espace, le personnel ou l\u2019expertise \u2013 de mettre en \u0153uvre des capacit\u00e9s de diagnostic mol\u00e9culaire.<\/p>\n<p> Le processus simple de pr\u00e9paration des \u00e9chantillons prend g\u00e9n\u00e9ralement moins de 2 minutes de temps technique.<\/p>\n<p>Vous placez l\u2019\u00e9chantillon dans l\u2019instrument Alethia et appuyez sur le bouton \u00ab ex\u00e9cuter \u00bb, le test est en cours et aucun autre travail suppl\u00e9mentaire n\u2019est requis.<\/p>\n<p>Pas de cyclage thermique<br \/>\nTr\u00e8s faible encombrement \u2013 \u200b\u200benviron la taille d\u2019une feuille de papier A4<br \/>\nClavier interne et externe ainsi qu\u2019un lecteur de codes-barres pour une saisie flexible de l\u2019ID de l\u2019\u00e9chantillon<br \/>\nJusqu\u2019\u00e0 10 \u00e9chantillons \u00e0 la fois dans 2 chambres ind\u00e9pendantes de 5 \u00e9chantillons<br \/>\nNe n\u00e9cessite pas d\u2019ordinateur auxiliaire<br \/>\nPuisqu\u2019il n\u2019y a pas de cycle thermique, Alethia peut fournir des r\u00e9sultats pour jusqu\u2019\u00e0 10 \u00e9chantillons en moins d\u2019une heure. Les r\u00e9sultats sont affich\u00e9s directement sur l\u2019\u00e9cran de lecture LCD de l\u2019instrument et peuvent \u00eatre imprim\u00e9s sur l\u2019imprimante du syst\u00e8me ou export\u00e9s via un fichier CSV ou via la nouvelle connectivit\u00e9 LIS. Alethia s\u2019int\u00e8gre facilement aux installations, quel que soit le volume de travail ou l\u2019exp\u00e9rience technique.<\/p>\n<p>Adaptable au traitement d\u2019un \u00e9chantillon unique ou par lots<br \/>\nKits de tests conserv\u00e9s \u00e0 temp\u00e9rature ambiante<br \/>\nGamme \u00e9tendue de tests disponibles<br \/>\nDe plus amples informations sont disponibles sur  Alethia LAMP based Molecular solution from Meridian Bioscience.<\/p>\n","protected":false},"excerpt":{"rendered":"<p>La technologie Alethia LAMP peut \u00eatre utilis\u00e9e avec la gamme de tests Alethia\/Meridian.<\/p>\n<p>Le syst\u00e8me mol\u00e9culaire Alethia de Meridian Bioscience offre les avantages de la biologie mol\u00e9culaire dans un format simplifi\u00e9.<\/p>\n<p>La solution Meridian Bioscience Alethia utilise la technologie reconnue d\u2019amplification isotherme \u00e0 m\u00e9diation par boucle (LAMP) . L\u2019analyseur Alethia est un syst\u00e8me de d\u00e9tection compact et automatis\u00e9 avec un processus de test tr\u00e8s simple : <\/p>\n<p>Proc\u00e9dure simplifi\u00e9e avec un temps de manipulation minimal<br \/>\nConception efficace et compacte<br \/>\nR\u00e9sultats rapides et pr\u00e9cis.<\/p>\n","protected":false},"featured_media":1518,"comment_status":"open","ping_status":"closed","template":"","meta":{"_kadence_starter_templates_imported_post":false,"_kad_post_transparent":"default","_kad_post_title":"","_kad_post_layout":"default","_kad_post_sidebar_id":"","_kad_post_content_style":"default","_kad_post_vertical_padding":"default","_kad_post_feature":"","_kad_post_feature_position":"","_kad_post_header":false,"_kad_post_footer":false,"_kad_post_classname":""},"product_brand":[],"product_cat":[49],"product_tag":[],"class_list":{"0":"post-1517","1":"product","2":"type-product","3":"status-publish","4":"has-post-thumbnail","6":"product_cat-biologie-moleculaire-pcr","8":"first","9":"instock","10":"downloadable","11":"taxable","12":"shipping-taxable","13":"product-type-simple","14":"entry","15":"content-bg","16":"loop-entry"},"yoast_head":"<!-- This site is optimized with the Yoast SEO plugin v26.6 - https:\/\/yoast.com\/wordpress\/plugins\/seo\/ -->\n<title>Alethia Technologie LAMP - Lifecare Technologies Gabon<\/title>\n<meta name=\"description\" content=\"Distributeur de Dispositifs M\u00e9dicaux et param\u00e9dicaux \u00e0 Libreville-Gabon\" \/>\n<meta name=\"robots\" content=\"index, follow, max-snippet:-1, max-image-preview:large, max-video-preview:-1\" \/>\n<link rel=\"canonical\" href=\"https:\/\/www.lifecaregabon.com\/index.php\/product\/alethia-technologie-lamp\/\" \/>\n<meta property=\"og:locale\" content=\"en_US\" \/>\n<meta property=\"og:type\" content=\"article\" \/>\n<meta property=\"og:title\" content=\"Alethia Technologie LAMP - Lifecare Technologies Gabon\" \/>\n<meta property=\"og:description\" content=\"Distributeur de Dispositifs M\u00e9dicaux et param\u00e9dicaux \u00e0 Libreville-Gabon\" \/>\n<meta property=\"og:url\" content=\"https:\/\/www.lifecaregabon.com\/index.php\/product\/alethia-technologie-lamp\/\" \/>\n<meta property=\"og:site_name\" content=\"Lifecare Technologies Gabon\" \/>\n<meta property=\"article:publisher\" content=\"https:\/\/www.facebook.com\/profile.php?id=61564959212945\" \/>\n<meta property=\"og:image\" content=\"https:\/\/www.lifecaregabon.com\/wp-content\/uploads\/2024\/12\/WhatsApp-Image-2024-12-12-a-08.29.57_745890d3.jpg\" \/>\n\t<meta property=\"og:image:width\" content=\"640\" \/>\n\t<meta property=\"og:image:height\" content=\"500\" \/>\n\t<meta property=\"og:image:type\" content=\"image\/jpeg\" \/>\n<meta name=\"twitter:card\" content=\"summary_large_image\" \/>\n<meta name=\"twitter:label1\" content=\"Est. reading time\" \/>\n\t<meta name=\"twitter:data1\" content=\"1 minute\" \/>\n<script type=\"application\/ld+json\" class=\"yoast-schema-graph\">{\"@context\":\"https:\/\/schema.org\",\"@graph\":[{\"@type\":\"WebPage\",\"@id\":\"https:\/\/www.lifecaregabon.com\/index.php\/product\/alethia-technologie-lamp\/\",\"url\":\"https:\/\/www.lifecaregabon.com\/index.php\/product\/alethia-technologie-lamp\/\",\"name\":\"Alethia Technologie LAMP - Lifecare Technologies Gabon\",\"isPartOf\":{\"@id\":\"https:\/\/www.lifecaregabon.com\/#website\"},\"primaryImageOfPage\":{\"@id\":\"https:\/\/www.lifecaregabon.com\/index.php\/product\/alethia-technologie-lamp\/#primaryimage\"},\"image\":{\"@id\":\"https:\/\/www.lifecaregabon.com\/index.php\/product\/alethia-technologie-lamp\/#primaryimage\"},\"thumbnailUrl\":\"https:\/\/www.lifecaregabon.com\/wp-content\/uploads\/2024\/12\/WhatsApp-Image-2024-12-12-a-08.29.57_745890d3.jpg\",\"datePublished\":\"2024-12-12T07:30:52+00:00\",\"description\":\"Distributeur de Dispositifs M\u00e9dicaux et param\u00e9dicaux \u00e0 Libreville-Gabon\",\"breadcrumb\":{\"@id\":\"https:\/\/www.lifecaregabon.com\/index.php\/product\/alethia-technologie-lamp\/#breadcrumb\"},\"inLanguage\":\"en-US\",\"potentialAction\":[{\"@type\":\"ReadAction\",\"target\":[\"https:\/\/www.lifecaregabon.com\/index.php\/product\/alethia-technologie-lamp\/\"]}]},{\"@type\":\"ImageObject\",\"inLanguage\":\"en-US\",\"@id\":\"https:\/\/www.lifecaregabon.com\/index.php\/product\/alethia-technologie-lamp\/#primaryimage\",\"url\":\"https:\/\/www.lifecaregabon.com\/wp-content\/uploads\/2024\/12\/WhatsApp-Image-2024-12-12-a-08.29.57_745890d3.jpg\",\"contentUrl\":\"https:\/\/www.lifecaregabon.com\/wp-content\/uploads\/2024\/12\/WhatsApp-Image-2024-12-12-a-08.29.57_745890d3.jpg\",\"width\":640,\"height\":500},{\"@type\":\"BreadcrumbList\",\"@id\":\"https:\/\/www.lifecaregabon.com\/index.php\/product\/alethia-technologie-lamp\/#breadcrumb\",\"itemListElement\":[{\"@type\":\"ListItem\",\"position\":1,\"name\":\"Accueil\",\"item\":\"https:\/\/www.lifecaregabon.com\/\"},{\"@type\":\"ListItem\",\"position\":2,\"name\":\"Boutique\",\"item\":\"https:\/\/www.lifecaregabon.com\/index.php\/shop-2\/\"},{\"@type\":\"ListItem\",\"position\":3,\"name\":\"Alethia Technologie LAMP\"}]},{\"@type\":\"WebSite\",\"@id\":\"https:\/\/www.lifecaregabon.com\/#website\",\"url\":\"https:\/\/www.lifecaregabon.com\/\",\"name\":\"Lifecare Technologies Gabon\",\"description\":\"Dispositifs M\u00e9dicaux\",\"publisher\":{\"@id\":\"https:\/\/www.lifecaregabon.com\/#organization\"},\"potentialAction\":[{\"@type\":\"SearchAction\",\"target\":{\"@type\":\"EntryPoint\",\"urlTemplate\":\"https:\/\/www.lifecaregabon.com\/?s={search_term_string}\"},\"query-input\":{\"@type\":\"PropertyValueSpecification\",\"valueRequired\":true,\"valueName\":\"search_term_string\"}}],\"inLanguage\":\"en-US\"},{\"@type\":\"Organization\",\"@id\":\"https:\/\/www.lifecaregabon.com\/#organization\",\"name\":\"Lifecare Technologies Gabon\",\"url\":\"https:\/\/www.lifecaregabon.com\/\",\"logo\":{\"@type\":\"ImageObject\",\"inLanguage\":\"en-US\",\"@id\":\"https:\/\/www.lifecaregabon.com\/#\/schema\/logo\/image\/\",\"url\":\"https:\/\/www.lifecaregabon.com\/wp-content\/uploads\/2024\/12\/cropped-cropped-logo-ltc-3.jpg\",\"contentUrl\":\"https:\/\/www.lifecaregabon.com\/wp-content\/uploads\/2024\/12\/cropped-cropped-logo-ltc-3.jpg\",\"width\":639,\"height\":391,\"caption\":\"Lifecare Technologies Gabon\"},\"image\":{\"@id\":\"https:\/\/www.lifecaregabon.com\/#\/schema\/logo\/image\/\"},\"sameAs\":[\"https:\/\/www.facebook.com\/profile.php?id=61564959212945\",\"https:\/\/x.com\/i\/flow\/login?redirect_after_login=lifecare_sarl\"]}]}<\/script>\n<!-- \/ Yoast SEO plugin. -->","yoast_head_json":{"title":"Alethia Technologie LAMP - Lifecare Technologies Gabon","description":"Distributeur de Dispositifs M\u00e9dicaux et param\u00e9dicaux \u00e0 Libreville-Gabon","robots":{"index":"index","follow":"follow","max-snippet":"max-snippet:-1","max-image-preview":"max-image-preview:large","max-video-preview":"max-video-preview:-1"},"canonical":"https:\/\/www.lifecaregabon.com\/index.php\/product\/alethia-technologie-lamp\/","og_locale":"en_US","og_type":"article","og_title":"Alethia Technologie LAMP - Lifecare Technologies Gabon","og_description":"Distributeur de Dispositifs M\u00e9dicaux et param\u00e9dicaux \u00e0 Libreville-Gabon","og_url":"https:\/\/www.lifecaregabon.com\/index.php\/product\/alethia-technologie-lamp\/","og_site_name":"Lifecare Technologies Gabon","article_publisher":"https:\/\/www.facebook.com\/profile.php?id=61564959212945","og_image":[{"width":640,"height":500,"url":"https:\/\/www.lifecaregabon.com\/wp-content\/uploads\/2024\/12\/WhatsApp-Image-2024-12-12-a-08.29.57_745890d3.jpg","type":"image\/jpeg"}],"twitter_card":"summary_large_image","twitter_misc":{"Est. reading time":"1 minute"},"schema":{"@context":"https:\/\/schema.org","@graph":[{"@type":"WebPage","@id":"https:\/\/www.lifecaregabon.com\/index.php\/product\/alethia-technologie-lamp\/","url":"https:\/\/www.lifecaregabon.com\/index.php\/product\/alethia-technologie-lamp\/","name":"Alethia Technologie LAMP - Lifecare Technologies Gabon","isPartOf":{"@id":"https:\/\/www.lifecaregabon.com\/#website"},"primaryImageOfPage":{"@id":"https:\/\/www.lifecaregabon.com\/index.php\/product\/alethia-technologie-lamp\/#primaryimage"},"image":{"@id":"https:\/\/www.lifecaregabon.com\/index.php\/product\/alethia-technologie-lamp\/#primaryimage"},"thumbnailUrl":"https:\/\/www.lifecaregabon.com\/wp-content\/uploads\/2024\/12\/WhatsApp-Image-2024-12-12-a-08.29.57_745890d3.jpg","datePublished":"2024-12-12T07:30:52+00:00","description":"Distributeur de Dispositifs M\u00e9dicaux et param\u00e9dicaux \u00e0 Libreville-Gabon","breadcrumb":{"@id":"https:\/\/www.lifecaregabon.com\/index.php\/product\/alethia-technologie-lamp\/#breadcrumb"},"inLanguage":"en-US","potentialAction":[{"@type":"ReadAction","target":["https:\/\/www.lifecaregabon.com\/index.php\/product\/alethia-technologie-lamp\/"]}]},{"@type":"ImageObject","inLanguage":"en-US","@id":"https:\/\/www.lifecaregabon.com\/index.php\/product\/alethia-technologie-lamp\/#primaryimage","url":"https:\/\/www.lifecaregabon.com\/wp-content\/uploads\/2024\/12\/WhatsApp-Image-2024-12-12-a-08.29.57_745890d3.jpg","contentUrl":"https:\/\/www.lifecaregabon.com\/wp-content\/uploads\/2024\/12\/WhatsApp-Image-2024-12-12-a-08.29.57_745890d3.jpg","width":640,"height":500},{"@type":"BreadcrumbList","@id":"https:\/\/www.lifecaregabon.com\/index.php\/product\/alethia-technologie-lamp\/#breadcrumb","itemListElement":[{"@type":"ListItem","position":1,"name":"Accueil","item":"https:\/\/www.lifecaregabon.com\/"},{"@type":"ListItem","position":2,"name":"Boutique","item":"https:\/\/www.lifecaregabon.com\/index.php\/shop-2\/"},{"@type":"ListItem","position":3,"name":"Alethia Technologie LAMP"}]},{"@type":"WebSite","@id":"https:\/\/www.lifecaregabon.com\/#website","url":"https:\/\/www.lifecaregabon.com\/","name":"Lifecare Technologies Gabon","description":"Dispositifs M\u00e9dicaux","publisher":{"@id":"https:\/\/www.lifecaregabon.com\/#organization"},"potentialAction":[{"@type":"SearchAction","target":{"@type":"EntryPoint","urlTemplate":"https:\/\/www.lifecaregabon.com\/?s={search_term_string}"},"query-input":{"@type":"PropertyValueSpecification","valueRequired":true,"valueName":"search_term_string"}}],"inLanguage":"en-US"},{"@type":"Organization","@id":"https:\/\/www.lifecaregabon.com\/#organization","name":"Lifecare Technologies Gabon","url":"https:\/\/www.lifecaregabon.com\/","logo":{"@type":"ImageObject","inLanguage":"en-US","@id":"https:\/\/www.lifecaregabon.com\/#\/schema\/logo\/image\/","url":"https:\/\/www.lifecaregabon.com\/wp-content\/uploads\/2024\/12\/cropped-cropped-logo-ltc-3.jpg","contentUrl":"https:\/\/www.lifecaregabon.com\/wp-content\/uploads\/2024\/12\/cropped-cropped-logo-ltc-3.jpg","width":639,"height":391,"caption":"Lifecare Technologies Gabon"},"image":{"@id":"https:\/\/www.lifecaregabon.com\/#\/schema\/logo\/image\/"},"sameAs":["https:\/\/www.facebook.com\/profile.php?id=61564959212945","https:\/\/x.com\/i\/flow\/login?redirect_after_login=lifecare_sarl"]}]}},"_links":{"self":[{"href":"https:\/\/www.lifecaregabon.com\/index.php\/wp-json\/wp\/v2\/product\/1517","targetHints":{"allow":["GET"]}}],"collection":[{"href":"https:\/\/www.lifecaregabon.com\/index.php\/wp-json\/wp\/v2\/product"}],"about":[{"href":"https:\/\/www.lifecaregabon.com\/index.php\/wp-json\/wp\/v2\/types\/product"}],"replies":[{"embeddable":true,"href":"https:\/\/www.lifecaregabon.com\/index.php\/wp-json\/wp\/v2\/comments?post=1517"}],"wp:featuredmedia":[{"embeddable":true,"href":"https:\/\/www.lifecaregabon.com\/index.php\/wp-json\/wp\/v2\/media\/1518"}],"wp:attachment":[{"href":"https:\/\/www.lifecaregabon.com\/index.php\/wp-json\/wp\/v2\/media?parent=1517"}],"wp:term":[{"taxonomy":"product_brand","embeddable":true,"href":"https:\/\/www.lifecaregabon.com\/index.php\/wp-json\/wp\/v2\/product_brand?post=1517"},{"taxonomy":"product_cat","embeddable":true,"href":"https:\/\/www.lifecaregabon.com\/index.php\/wp-json\/wp\/v2\/product_cat?post=1517"},{"taxonomy":"product_tag","embeddable":true,"href":"https:\/\/www.lifecaregabon.com\/index.php\/wp-json\/wp\/v2\/product_tag?post=1517"}],"curies":[{"name":"wp","href":"https:\/\/api.w.org\/{rel}","templated":true}]}}