{"id":1448,"date":"2024-12-11T15:06:53","date_gmt":"2024-12-11T14:06:53","guid":{"rendered":"http:\/\/www.lifecaregabon.com\/?post_type=product&#038;p=1448"},"modified":"2024-12-11T15:06:53","modified_gmt":"2024-12-11T14:06:53","slug":"ambulance-de-soins-intensifs","status":"publish","type":"product","link":"https:\/\/www.lifecaregabon.com\/index.php\/product\/ambulance-de-soins-intensifs\/","title":{"rendered":"Ambulance de soins intensifs"},"content":{"rendered":"<p>Op\u00e9rations antiterroristes<br \/>\n&#8211; Patrouilles dans les zones \u00e0 haute intensit\u00e9<br \/>\n&#8211; Op\u00e9rations des forces sp\u00e9ciales<br \/>\n&#8211; \u00c9quipes d&#8217;intervention rapide.<\/p>\n<p>Op\u00e9rations conventionnelles<br \/>\n&#8211; Arm\u00e9es<br \/>\n&#8211; Raids en terrain ouvert ou d\u00e9sertique<br \/>\n&#8211; Protection des convois<br \/>\n&#8211; Contr\u00f4le des \u00e9meutes<\/p>\n<p>\u00c9quipement des ambulances<br \/>\n&#8211; Feux de signalisation pour ambulances<br \/>\n&#8211; Sir\u00e8ne \u00e9lectrique avec amplificateur<br \/>\n&#8211; Microphone et haut-parleur pour la sir\u00e8ne<br \/>\n&#8211; Brancard de lit principal avec ceintures de s\u00e9curit\u00e9<br \/>\n&#8211; Lampe de chambre<br \/>\n&#8211; Linol\u00e9um sur sol en contreplaqu\u00e9<br \/>\n&#8211; Marchepied arri\u00e8re<br \/>\n&#8211; Armoire m\u00e9dicale avec r\u00e9servoir d&#8217;eau et lavabo<br \/>\n&#8211; Extincteur<br \/>\n&#8211; Crochet d&#8217;alimentation intraveineuse de type fixe<br \/>\n&#8211; Panneau lumineux pour ambulances<br \/>\n&#8211; Projecteur magn\u00e9tique avec extension<br \/>\n&#8211; Projecteur arri\u00e8re de toit<br \/>\n&#8211; Cloison<br \/>\n&#8211; Kit de r\u00e9animation \u00e0 l&#8217;oxyg\u00e8ne<br \/>\n&#8211; Kit de r\u00e9animation \u00e0 commande manuelle<br \/>\n&#8211; Bouteille d&#8217;oxyg\u00e8ne de rechange<br \/>\n&#8211; Pompe d&#8217;aspiration \u00e9lectrique portable Kit de premiers secours<br \/>\n&#8211; Marques de croix rouge<\/p>\n","protected":false},"excerpt":{"rendered":"<p>L&#8217;ambulance blind\u00e9e TIMAK est une ambulance blind\u00e9e avec un niveau de protection balistique : B6.<\/p>\n<p>L&#8217;Ambulance Blind\u00e9e Timak est con\u00e7ue pour affronter les terrains les plus difficiles, offrant la solution parfaite pour un v\u00e9hicule blind\u00e9 en terrain accident\u00e9 pour les agences d&#8217;aide et humanitaires du monde entier dans les situations les plus exigeantes.<\/p>\n<p>Blindage de tous les c\u00f4t\u00e9s de l&#8217;habitacle (toit et verticaux) pour assurer une protection jusqu&#8217;au niveau CEN B6.<\/p>\n<p>Le cadre int\u00e9rieur en acier balistique fournit un recouvrement et une protection de secours pour les portes et les fen\u00eatres.<\/p>\n<p>Toutes les ouvertures des portes et fen\u00eatres sont recouvertes. Les plaques de blindage du v\u00e9hicule sont soud\u00e9es par points \u00e0 l&#8217;aide de soudeuses MIG \u00e0 haute intensit\u00e9 pour garantir une r\u00e9sistance maximale.<\/p>\n<p>Blindage transparent r\u00e9alis\u00e9 avec une combinaison multicouche de verre\/polycarbonate. Les piliers de porte sont renforc\u00e9s pour supporter le poids suppl\u00e9mentaire de la porte blind\u00e9e et des charni\u00e8res de porte tr\u00e8s r\u00e9sistantes sont install\u00e9es pour assurer la durabilit\u00e9 et la stabilit\u00e9.<\/p>\n","protected":false},"featured_media":1449,"comment_status":"open","ping_status":"closed","template":"","meta":{"_kadence_starter_templates_imported_post":false,"_kad_post_transparent":"default","_kad_post_title":"","_kad_post_layout":"default","_kad_post_sidebar_id":"","_kad_post_content_style":"default","_kad_post_vertical_padding":"default","_kad_post_feature":"","_kad_post_feature_position":"","_kad_post_header":false,"_kad_post_footer":false,"_kad_post_classname":""},"product_brand":[],"product_cat":[46],"product_tag":[],"class_list":{"0":"post-1448","1":"product","2":"type-product","3":"status-publish","4":"has-post-thumbnail","6":"product_cat-divers","8":"first","9":"instock","10":"taxable","11":"shipping-taxable","12":"product-type-simple","13":"entry","14":"content-bg","15":"loop-entry"},"yoast_head":"<!-- This site is optimized with the Yoast SEO plugin v26.6 - https:\/\/yoast.com\/wordpress\/plugins\/seo\/ -->\n<title>Ambulance de soins intensifs - Lifecare Technologies Gabon<\/title>\n<meta name=\"description\" content=\"Distributeur de Dispositifs M\u00e9dicaux et param\u00e9dicaux \u00e0 Libreville-Gabon\" \/>\n<meta name=\"robots\" content=\"index, follow, max-snippet:-1, max-image-preview:large, max-video-preview:-1\" \/>\n<link rel=\"canonical\" href=\"https:\/\/www.lifecaregabon.com\/index.php\/product\/ambulance-de-soins-intensifs\/\" \/>\n<meta property=\"og:locale\" content=\"en_US\" \/>\n<meta property=\"og:type\" content=\"article\" \/>\n<meta property=\"og:title\" content=\"Ambulance de soins intensifs - Lifecare Technologies Gabon\" \/>\n<meta property=\"og:description\" content=\"Distributeur de Dispositifs M\u00e9dicaux et param\u00e9dicaux \u00e0 Libreville-Gabon\" \/>\n<meta property=\"og:url\" content=\"https:\/\/www.lifecaregabon.com\/index.php\/product\/ambulance-de-soins-intensifs\/\" \/>\n<meta property=\"og:site_name\" content=\"Lifecare Technologies Gabon\" \/>\n<meta property=\"article:publisher\" content=\"https:\/\/www.facebook.com\/profile.php?id=61564959212945\" \/>\n<meta property=\"og:image\" content=\"https:\/\/www.lifecaregabon.com\/wp-content\/uploads\/2024\/12\/WhatsApp-Image-2024-12-11-a-15.05.06_f3d56b39.jpg\" \/>\n\t<meta property=\"og:image:width\" content=\"600\" \/>\n\t<meta property=\"og:image:height\" content=\"600\" \/>\n\t<meta property=\"og:image:type\" content=\"image\/jpeg\" \/>\n<meta name=\"twitter:card\" content=\"summary_large_image\" \/>\n<meta name=\"twitter:label1\" content=\"Est. reading time\" \/>\n\t<meta name=\"twitter:data1\" content=\"1 minute\" \/>\n<script type=\"application\/ld+json\" class=\"yoast-schema-graph\">{\"@context\":\"https:\/\/schema.org\",\"@graph\":[{\"@type\":\"WebPage\",\"@id\":\"https:\/\/www.lifecaregabon.com\/index.php\/product\/ambulance-de-soins-intensifs\/\",\"url\":\"https:\/\/www.lifecaregabon.com\/index.php\/product\/ambulance-de-soins-intensifs\/\",\"name\":\"Ambulance de soins intensifs - Lifecare Technologies Gabon\",\"isPartOf\":{\"@id\":\"https:\/\/www.lifecaregabon.com\/#website\"},\"primaryImageOfPage\":{\"@id\":\"https:\/\/www.lifecaregabon.com\/index.php\/product\/ambulance-de-soins-intensifs\/#primaryimage\"},\"image\":{\"@id\":\"https:\/\/www.lifecaregabon.com\/index.php\/product\/ambulance-de-soins-intensifs\/#primaryimage\"},\"thumbnailUrl\":\"https:\/\/www.lifecaregabon.com\/wp-content\/uploads\/2024\/12\/WhatsApp-Image-2024-12-11-a-15.05.06_f3d56b39.jpg\",\"datePublished\":\"2024-12-11T14:06:53+00:00\",\"description\":\"Distributeur de Dispositifs M\u00e9dicaux et param\u00e9dicaux \u00e0 Libreville-Gabon\",\"breadcrumb\":{\"@id\":\"https:\/\/www.lifecaregabon.com\/index.php\/product\/ambulance-de-soins-intensifs\/#breadcrumb\"},\"inLanguage\":\"en-US\",\"potentialAction\":[{\"@type\":\"ReadAction\",\"target\":[\"https:\/\/www.lifecaregabon.com\/index.php\/product\/ambulance-de-soins-intensifs\/\"]}]},{\"@type\":\"ImageObject\",\"inLanguage\":\"en-US\",\"@id\":\"https:\/\/www.lifecaregabon.com\/index.php\/product\/ambulance-de-soins-intensifs\/#primaryimage\",\"url\":\"https:\/\/www.lifecaregabon.com\/wp-content\/uploads\/2024\/12\/WhatsApp-Image-2024-12-11-a-15.05.06_f3d56b39.jpg\",\"contentUrl\":\"https:\/\/www.lifecaregabon.com\/wp-content\/uploads\/2024\/12\/WhatsApp-Image-2024-12-11-a-15.05.06_f3d56b39.jpg\",\"width\":600,\"height\":600},{\"@type\":\"BreadcrumbList\",\"@id\":\"https:\/\/www.lifecaregabon.com\/index.php\/product\/ambulance-de-soins-intensifs\/#breadcrumb\",\"itemListElement\":[{\"@type\":\"ListItem\",\"position\":1,\"name\":\"Accueil\",\"item\":\"https:\/\/www.lifecaregabon.com\/\"},{\"@type\":\"ListItem\",\"position\":2,\"name\":\"Boutique\",\"item\":\"https:\/\/www.lifecaregabon.com\/index.php\/shop-2\/\"},{\"@type\":\"ListItem\",\"position\":3,\"name\":\"Ambulance de soins intensifs\"}]},{\"@type\":\"WebSite\",\"@id\":\"https:\/\/www.lifecaregabon.com\/#website\",\"url\":\"https:\/\/www.lifecaregabon.com\/\",\"name\":\"Lifecare Technologies Gabon\",\"description\":\"Dispositifs M\u00e9dicaux\",\"publisher\":{\"@id\":\"https:\/\/www.lifecaregabon.com\/#organization\"},\"potentialAction\":[{\"@type\":\"SearchAction\",\"target\":{\"@type\":\"EntryPoint\",\"urlTemplate\":\"https:\/\/www.lifecaregabon.com\/?s={search_term_string}\"},\"query-input\":{\"@type\":\"PropertyValueSpecification\",\"valueRequired\":true,\"valueName\":\"search_term_string\"}}],\"inLanguage\":\"en-US\"},{\"@type\":\"Organization\",\"@id\":\"https:\/\/www.lifecaregabon.com\/#organization\",\"name\":\"Lifecare Technologies Gabon\",\"url\":\"https:\/\/www.lifecaregabon.com\/\",\"logo\":{\"@type\":\"ImageObject\",\"inLanguage\":\"en-US\",\"@id\":\"https:\/\/www.lifecaregabon.com\/#\/schema\/logo\/image\/\",\"url\":\"https:\/\/www.lifecaregabon.com\/wp-content\/uploads\/2024\/12\/cropped-cropped-logo-ltc-3.jpg\",\"contentUrl\":\"https:\/\/www.lifecaregabon.com\/wp-content\/uploads\/2024\/12\/cropped-cropped-logo-ltc-3.jpg\",\"width\":639,\"height\":391,\"caption\":\"Lifecare Technologies Gabon\"},\"image\":{\"@id\":\"https:\/\/www.lifecaregabon.com\/#\/schema\/logo\/image\/\"},\"sameAs\":[\"https:\/\/www.facebook.com\/profile.php?id=61564959212945\",\"https:\/\/x.com\/i\/flow\/login?redirect_after_login=lifecare_sarl\"]}]}<\/script>\n<!-- \/ Yoast SEO plugin. -->","yoast_head_json":{"title":"Ambulance de soins intensifs - Lifecare Technologies Gabon","description":"Distributeur de Dispositifs M\u00e9dicaux et param\u00e9dicaux \u00e0 Libreville-Gabon","robots":{"index":"index","follow":"follow","max-snippet":"max-snippet:-1","max-image-preview":"max-image-preview:large","max-video-preview":"max-video-preview:-1"},"canonical":"https:\/\/www.lifecaregabon.com\/index.php\/product\/ambulance-de-soins-intensifs\/","og_locale":"en_US","og_type":"article","og_title":"Ambulance de soins intensifs - Lifecare Technologies Gabon","og_description":"Distributeur de Dispositifs M\u00e9dicaux et param\u00e9dicaux \u00e0 Libreville-Gabon","og_url":"https:\/\/www.lifecaregabon.com\/index.php\/product\/ambulance-de-soins-intensifs\/","og_site_name":"Lifecare Technologies Gabon","article_publisher":"https:\/\/www.facebook.com\/profile.php?id=61564959212945","og_image":[{"width":600,"height":600,"url":"https:\/\/www.lifecaregabon.com\/wp-content\/uploads\/2024\/12\/WhatsApp-Image-2024-12-11-a-15.05.06_f3d56b39.jpg","type":"image\/jpeg"}],"twitter_card":"summary_large_image","twitter_misc":{"Est. reading time":"1 minute"},"schema":{"@context":"https:\/\/schema.org","@graph":[{"@type":"WebPage","@id":"https:\/\/www.lifecaregabon.com\/index.php\/product\/ambulance-de-soins-intensifs\/","url":"https:\/\/www.lifecaregabon.com\/index.php\/product\/ambulance-de-soins-intensifs\/","name":"Ambulance de soins intensifs - Lifecare Technologies Gabon","isPartOf":{"@id":"https:\/\/www.lifecaregabon.com\/#website"},"primaryImageOfPage":{"@id":"https:\/\/www.lifecaregabon.com\/index.php\/product\/ambulance-de-soins-intensifs\/#primaryimage"},"image":{"@id":"https:\/\/www.lifecaregabon.com\/index.php\/product\/ambulance-de-soins-intensifs\/#primaryimage"},"thumbnailUrl":"https:\/\/www.lifecaregabon.com\/wp-content\/uploads\/2024\/12\/WhatsApp-Image-2024-12-11-a-15.05.06_f3d56b39.jpg","datePublished":"2024-12-11T14:06:53+00:00","description":"Distributeur de Dispositifs M\u00e9dicaux et param\u00e9dicaux \u00e0 Libreville-Gabon","breadcrumb":{"@id":"https:\/\/www.lifecaregabon.com\/index.php\/product\/ambulance-de-soins-intensifs\/#breadcrumb"},"inLanguage":"en-US","potentialAction":[{"@type":"ReadAction","target":["https:\/\/www.lifecaregabon.com\/index.php\/product\/ambulance-de-soins-intensifs\/"]}]},{"@type":"ImageObject","inLanguage":"en-US","@id":"https:\/\/www.lifecaregabon.com\/index.php\/product\/ambulance-de-soins-intensifs\/#primaryimage","url":"https:\/\/www.lifecaregabon.com\/wp-content\/uploads\/2024\/12\/WhatsApp-Image-2024-12-11-a-15.05.06_f3d56b39.jpg","contentUrl":"https:\/\/www.lifecaregabon.com\/wp-content\/uploads\/2024\/12\/WhatsApp-Image-2024-12-11-a-15.05.06_f3d56b39.jpg","width":600,"height":600},{"@type":"BreadcrumbList","@id":"https:\/\/www.lifecaregabon.com\/index.php\/product\/ambulance-de-soins-intensifs\/#breadcrumb","itemListElement":[{"@type":"ListItem","position":1,"name":"Accueil","item":"https:\/\/www.lifecaregabon.com\/"},{"@type":"ListItem","position":2,"name":"Boutique","item":"https:\/\/www.lifecaregabon.com\/index.php\/shop-2\/"},{"@type":"ListItem","position":3,"name":"Ambulance de soins intensifs"}]},{"@type":"WebSite","@id":"https:\/\/www.lifecaregabon.com\/#website","url":"https:\/\/www.lifecaregabon.com\/","name":"Lifecare Technologies Gabon","description":"Dispositifs M\u00e9dicaux","publisher":{"@id":"https:\/\/www.lifecaregabon.com\/#organization"},"potentialAction":[{"@type":"SearchAction","target":{"@type":"EntryPoint","urlTemplate":"https:\/\/www.lifecaregabon.com\/?s={search_term_string}"},"query-input":{"@type":"PropertyValueSpecification","valueRequired":true,"valueName":"search_term_string"}}],"inLanguage":"en-US"},{"@type":"Organization","@id":"https:\/\/www.lifecaregabon.com\/#organization","name":"Lifecare Technologies Gabon","url":"https:\/\/www.lifecaregabon.com\/","logo":{"@type":"ImageObject","inLanguage":"en-US","@id":"https:\/\/www.lifecaregabon.com\/#\/schema\/logo\/image\/","url":"https:\/\/www.lifecaregabon.com\/wp-content\/uploads\/2024\/12\/cropped-cropped-logo-ltc-3.jpg","contentUrl":"https:\/\/www.lifecaregabon.com\/wp-content\/uploads\/2024\/12\/cropped-cropped-logo-ltc-3.jpg","width":639,"height":391,"caption":"Lifecare Technologies Gabon"},"image":{"@id":"https:\/\/www.lifecaregabon.com\/#\/schema\/logo\/image\/"},"sameAs":["https:\/\/www.facebook.com\/profile.php?id=61564959212945","https:\/\/x.com\/i\/flow\/login?redirect_after_login=lifecare_sarl"]}]}},"_links":{"self":[{"href":"https:\/\/www.lifecaregabon.com\/index.php\/wp-json\/wp\/v2\/product\/1448","targetHints":{"allow":["GET"]}}],"collection":[{"href":"https:\/\/www.lifecaregabon.com\/index.php\/wp-json\/wp\/v2\/product"}],"about":[{"href":"https:\/\/www.lifecaregabon.com\/index.php\/wp-json\/wp\/v2\/types\/product"}],"replies":[{"embeddable":true,"href":"https:\/\/www.lifecaregabon.com\/index.php\/wp-json\/wp\/v2\/comments?post=1448"}],"wp:featuredmedia":[{"embeddable":true,"href":"https:\/\/www.lifecaregabon.com\/index.php\/wp-json\/wp\/v2\/media\/1449"}],"wp:attachment":[{"href":"https:\/\/www.lifecaregabon.com\/index.php\/wp-json\/wp\/v2\/media?parent=1448"}],"wp:term":[{"taxonomy":"product_brand","embeddable":true,"href":"https:\/\/www.lifecaregabon.com\/index.php\/wp-json\/wp\/v2\/product_brand?post=1448"},{"taxonomy":"product_cat","embeddable":true,"href":"https:\/\/www.lifecaregabon.com\/index.php\/wp-json\/wp\/v2\/product_cat?post=1448"},{"taxonomy":"product_tag","embeddable":true,"href":"https:\/\/www.lifecaregabon.com\/index.php\/wp-json\/wp\/v2\/product_tag?post=1448"}],"curies":[{"name":"wp","href":"https:\/\/api.w.org\/{rel}","templated":true}]}}