{"id":1435,"date":"2024-12-11T14:31:24","date_gmt":"2024-12-11T13:31:24","guid":{"rendered":"http:\/\/www.lifecaregabon.com\/?post_type=product&#038;p=1435"},"modified":"2024-12-11T14:31:24","modified_gmt":"2024-12-11T13:31:24","slug":"sonos-12-systeme-dechographie","status":"publish","type":"product","link":"https:\/\/www.lifecaregabon.com\/index.php\/product\/sonos-12-systeme-dechographie\/","title":{"rendered":"Sonos 12 Syst\u00e8me d&#8217;\u00e9chographie"},"content":{"rendered":"<p>Sp\u00e9cifications<br \/>\nMoniteur LED HD 19\u2033 orientable : \u00b190\u00b0.<br \/>\n\u00c9clairage innovant \u00e0 basse consommation d\u2019\u00e9nergie<br \/>\nPanneau de commande pivotant, orientable (\u00b145\u00b0) et relevable (0-15cm)<br \/>\nEspace d\u00e9di\u00e9 \u00e0 l\u2019imprimante vid\u00e9o<br \/>\nMode de veille intelligent<br \/>\nUne gestion intelligente des arri\u00e8re-plans permet la dur\u00e9e de vie prolong\u00e9e de la batterie.<br \/>\nMise en marche imm\u00e9diate<br \/>\nBatterie int\u00e9rieure<br \/>\nKit H\u00e9ro<br \/>\nDomaines d\u2019applications<br \/>\nAbdominale (Gyn\u00e9cologie et Urologie)<br \/>\nF\u0153tus\/OB<br \/>\nPetits organes (poitrine, testicules, thyro\u00efde)<br \/>\nP\u00e9diatrie<br \/>\nVasculaires p\u00e9riph\u00e9riques<br \/>\nMusculo-squelettique conventionnel et superficiel<br \/>\nCardiaque (adulte et p\u00e9diatrique)<br \/>\nTransvaginale<br \/>\nSondes<br \/>\nSonde convexe 3,5 MHz (2,0 \u2013 6,8 MHz)<br \/>\nSonde lin\u00e9aire 7,5 MHz (4,0 \u2013 15,0 MHz)<br \/>\nSonde lin\u00e9aire 12,0 MHz (7,0 \u2013 18,0 MHz)<br \/>\nSonde transvaginale 6.0 MHz (4.0 \u2013 12.0 Mhz)<br \/>\nSonde transvaginale 7,5 MHz (4,0 \u2013 15,0 Mhz)<br \/>\nSonde \u00e0 r\u00e9seau phas\u00e9 2,5 MHz (adulte) (1,5 \u2013 5,3 Mhz)<br \/>\nSonde \u00e0 r\u00e9seau phas\u00e9 5,3 MHz (p\u00e9diatrique) (2,0 \u2013 8,0 Mhz)<br \/>\nSonde microconvexe p\u00e9diatrique 6,0 MHz (4,0 \u2013 15,0 Mhz)<br \/>\nSonde microconvexe 3.0 MHz (2.0 \u2013 6.8 Mhz)<br \/>\nSonde de volume 4D 4,5 MHz (2,0 \u2013 6,8 Mhz)<\/p>\n","protected":false},"excerpt":{"rendered":"<p>Le Sonos 12 est un syst\u00e8me d\u2019ultrasons volum\u00e9trique 3D\/4D \u00e0 la pointe de la technologie avec une qualit\u00e9 d\u2019image \u00e9lev\u00e9e, m\u00eame pour les images 2D. C\u2019est la solution id\u00e9ale pour l\u2019obst\u00e9trique-gyn\u00e9cologie, la cardiologie et l\u2019imagerie g\u00e9n\u00e9rale dans les cliniques et les h\u00f4pitaux ayant diff\u00e9rents types de patients.<\/p>\n","protected":false},"featured_media":1436,"comment_status":"open","ping_status":"closed","template":"","meta":{"_kadence_starter_templates_imported_post":false,"_kad_post_transparent":"default","_kad_post_title":"","_kad_post_layout":"default","_kad_post_sidebar_id":"","_kad_post_content_style":"default","_kad_post_vertical_padding":"default","_kad_post_feature":"","_kad_post_feature_position":"","_kad_post_header":false,"_kad_post_footer":false,"_kad_post_classname":""},"product_brand":[],"product_cat":[45],"product_tag":[],"class_list":{"0":"post-1435","1":"product","2":"type-product","3":"status-publish","4":"has-post-thumbnail","6":"product_cat-imagerie-medicale","8":"first","9":"instock","10":"taxable","11":"shipping-taxable","12":"product-type-simple","13":"entry","14":"content-bg","15":"loop-entry"},"yoast_head":"<!-- This site is optimized with the Yoast SEO plugin v26.6 - https:\/\/yoast.com\/wordpress\/plugins\/seo\/ -->\n<title>Sonos 12 Syst\u00e8me d&#039;\u00e9chographie - Lifecare Technologies Gabon<\/title>\n<meta name=\"description\" content=\"Distributeur de Dispositifs M\u00e9dicaux et param\u00e9dicaux \u00e0 Libreville-Gabon\" \/>\n<meta name=\"robots\" content=\"index, follow, max-snippet:-1, max-image-preview:large, max-video-preview:-1\" \/>\n<link rel=\"canonical\" href=\"https:\/\/www.lifecaregabon.com\/index.php\/product\/sonos-12-systeme-dechographie\/\" \/>\n<meta property=\"og:locale\" content=\"en_US\" \/>\n<meta property=\"og:type\" content=\"article\" \/>\n<meta property=\"og:title\" content=\"Sonos 12 Syst\u00e8me d&#039;\u00e9chographie - Lifecare Technologies Gabon\" \/>\n<meta property=\"og:description\" content=\"Distributeur de Dispositifs M\u00e9dicaux et param\u00e9dicaux \u00e0 Libreville-Gabon\" \/>\n<meta property=\"og:url\" content=\"https:\/\/www.lifecaregabon.com\/index.php\/product\/sonos-12-systeme-dechographie\/\" \/>\n<meta property=\"og:site_name\" content=\"Lifecare Technologies Gabon\" \/>\n<meta property=\"article:publisher\" content=\"https:\/\/www.facebook.com\/profile.php?id=61564959212945\" \/>\n<meta property=\"og:image\" content=\"https:\/\/www.lifecaregabon.com\/wp-content\/uploads\/2024\/12\/WhatsApp-Image-2024-12-11-a-14.30.00_918dfef8.jpg\" \/>\n\t<meta property=\"og:image:width\" content=\"1080\" \/>\n\t<meta property=\"og:image:height\" content=\"709\" \/>\n\t<meta property=\"og:image:type\" content=\"image\/jpeg\" \/>\n<meta name=\"twitter:card\" content=\"summary_large_image\" \/>\n<meta name=\"twitter:label1\" content=\"Est. reading time\" \/>\n\t<meta name=\"twitter:data1\" content=\"1 minute\" \/>\n<script type=\"application\/ld+json\" class=\"yoast-schema-graph\">{\"@context\":\"https:\/\/schema.org\",\"@graph\":[{\"@type\":\"WebPage\",\"@id\":\"https:\/\/www.lifecaregabon.com\/index.php\/product\/sonos-12-systeme-dechographie\/\",\"url\":\"https:\/\/www.lifecaregabon.com\/index.php\/product\/sonos-12-systeme-dechographie\/\",\"name\":\"Sonos 12 Syst\u00e8me d'\u00e9chographie - Lifecare Technologies Gabon\",\"isPartOf\":{\"@id\":\"https:\/\/www.lifecaregabon.com\/#website\"},\"primaryImageOfPage\":{\"@id\":\"https:\/\/www.lifecaregabon.com\/index.php\/product\/sonos-12-systeme-dechographie\/#primaryimage\"},\"image\":{\"@id\":\"https:\/\/www.lifecaregabon.com\/index.php\/product\/sonos-12-systeme-dechographie\/#primaryimage\"},\"thumbnailUrl\":\"https:\/\/www.lifecaregabon.com\/wp-content\/uploads\/2024\/12\/WhatsApp-Image-2024-12-11-a-14.30.00_918dfef8.jpg\",\"datePublished\":\"2024-12-11T13:31:24+00:00\",\"description\":\"Distributeur de Dispositifs M\u00e9dicaux et param\u00e9dicaux \u00e0 Libreville-Gabon\",\"breadcrumb\":{\"@id\":\"https:\/\/www.lifecaregabon.com\/index.php\/product\/sonos-12-systeme-dechographie\/#breadcrumb\"},\"inLanguage\":\"en-US\",\"potentialAction\":[{\"@type\":\"ReadAction\",\"target\":[\"https:\/\/www.lifecaregabon.com\/index.php\/product\/sonos-12-systeme-dechographie\/\"]}]},{\"@type\":\"ImageObject\",\"inLanguage\":\"en-US\",\"@id\":\"https:\/\/www.lifecaregabon.com\/index.php\/product\/sonos-12-systeme-dechographie\/#primaryimage\",\"url\":\"https:\/\/www.lifecaregabon.com\/wp-content\/uploads\/2024\/12\/WhatsApp-Image-2024-12-11-a-14.30.00_918dfef8.jpg\",\"contentUrl\":\"https:\/\/www.lifecaregabon.com\/wp-content\/uploads\/2024\/12\/WhatsApp-Image-2024-12-11-a-14.30.00_918dfef8.jpg\",\"width\":1080,\"height\":709},{\"@type\":\"BreadcrumbList\",\"@id\":\"https:\/\/www.lifecaregabon.com\/index.php\/product\/sonos-12-systeme-dechographie\/#breadcrumb\",\"itemListElement\":[{\"@type\":\"ListItem\",\"position\":1,\"name\":\"Accueil\",\"item\":\"https:\/\/www.lifecaregabon.com\/\"},{\"@type\":\"ListItem\",\"position\":2,\"name\":\"Boutique\",\"item\":\"https:\/\/www.lifecaregabon.com\/index.php\/shop-2\/\"},{\"@type\":\"ListItem\",\"position\":3,\"name\":\"Sonos 12 Syst\u00e8me d&rsquo;\u00e9chographie\"}]},{\"@type\":\"WebSite\",\"@id\":\"https:\/\/www.lifecaregabon.com\/#website\",\"url\":\"https:\/\/www.lifecaregabon.com\/\",\"name\":\"Lifecare Technologies Gabon\",\"description\":\"Dispositifs M\u00e9dicaux\",\"publisher\":{\"@id\":\"https:\/\/www.lifecaregabon.com\/#organization\"},\"potentialAction\":[{\"@type\":\"SearchAction\",\"target\":{\"@type\":\"EntryPoint\",\"urlTemplate\":\"https:\/\/www.lifecaregabon.com\/?s={search_term_string}\"},\"query-input\":{\"@type\":\"PropertyValueSpecification\",\"valueRequired\":true,\"valueName\":\"search_term_string\"}}],\"inLanguage\":\"en-US\"},{\"@type\":\"Organization\",\"@id\":\"https:\/\/www.lifecaregabon.com\/#organization\",\"name\":\"Lifecare Technologies Gabon\",\"url\":\"https:\/\/www.lifecaregabon.com\/\",\"logo\":{\"@type\":\"ImageObject\",\"inLanguage\":\"en-US\",\"@id\":\"https:\/\/www.lifecaregabon.com\/#\/schema\/logo\/image\/\",\"url\":\"https:\/\/www.lifecaregabon.com\/wp-content\/uploads\/2024\/12\/cropped-cropped-logo-ltc-3.jpg\",\"contentUrl\":\"https:\/\/www.lifecaregabon.com\/wp-content\/uploads\/2024\/12\/cropped-cropped-logo-ltc-3.jpg\",\"width\":639,\"height\":391,\"caption\":\"Lifecare Technologies Gabon\"},\"image\":{\"@id\":\"https:\/\/www.lifecaregabon.com\/#\/schema\/logo\/image\/\"},\"sameAs\":[\"https:\/\/www.facebook.com\/profile.php?id=61564959212945\",\"https:\/\/x.com\/i\/flow\/login?redirect_after_login=lifecare_sarl\"]}]}<\/script>\n<!-- \/ Yoast SEO plugin. -->","yoast_head_json":{"title":"Sonos 12 Syst\u00e8me d'\u00e9chographie - Lifecare Technologies Gabon","description":"Distributeur de Dispositifs M\u00e9dicaux et param\u00e9dicaux \u00e0 Libreville-Gabon","robots":{"index":"index","follow":"follow","max-snippet":"max-snippet:-1","max-image-preview":"max-image-preview:large","max-video-preview":"max-video-preview:-1"},"canonical":"https:\/\/www.lifecaregabon.com\/index.php\/product\/sonos-12-systeme-dechographie\/","og_locale":"en_US","og_type":"article","og_title":"Sonos 12 Syst\u00e8me d'\u00e9chographie - Lifecare Technologies Gabon","og_description":"Distributeur de Dispositifs M\u00e9dicaux et param\u00e9dicaux \u00e0 Libreville-Gabon","og_url":"https:\/\/www.lifecaregabon.com\/index.php\/product\/sonos-12-systeme-dechographie\/","og_site_name":"Lifecare Technologies Gabon","article_publisher":"https:\/\/www.facebook.com\/profile.php?id=61564959212945","og_image":[{"width":1080,"height":709,"url":"https:\/\/www.lifecaregabon.com\/wp-content\/uploads\/2024\/12\/WhatsApp-Image-2024-12-11-a-14.30.00_918dfef8.jpg","type":"image\/jpeg"}],"twitter_card":"summary_large_image","twitter_misc":{"Est. reading time":"1 minute"},"schema":{"@context":"https:\/\/schema.org","@graph":[{"@type":"WebPage","@id":"https:\/\/www.lifecaregabon.com\/index.php\/product\/sonos-12-systeme-dechographie\/","url":"https:\/\/www.lifecaregabon.com\/index.php\/product\/sonos-12-systeme-dechographie\/","name":"Sonos 12 Syst\u00e8me d'\u00e9chographie - Lifecare Technologies Gabon","isPartOf":{"@id":"https:\/\/www.lifecaregabon.com\/#website"},"primaryImageOfPage":{"@id":"https:\/\/www.lifecaregabon.com\/index.php\/product\/sonos-12-systeme-dechographie\/#primaryimage"},"image":{"@id":"https:\/\/www.lifecaregabon.com\/index.php\/product\/sonos-12-systeme-dechographie\/#primaryimage"},"thumbnailUrl":"https:\/\/www.lifecaregabon.com\/wp-content\/uploads\/2024\/12\/WhatsApp-Image-2024-12-11-a-14.30.00_918dfef8.jpg","datePublished":"2024-12-11T13:31:24+00:00","description":"Distributeur de Dispositifs M\u00e9dicaux et param\u00e9dicaux \u00e0 Libreville-Gabon","breadcrumb":{"@id":"https:\/\/www.lifecaregabon.com\/index.php\/product\/sonos-12-systeme-dechographie\/#breadcrumb"},"inLanguage":"en-US","potentialAction":[{"@type":"ReadAction","target":["https:\/\/www.lifecaregabon.com\/index.php\/product\/sonos-12-systeme-dechographie\/"]}]},{"@type":"ImageObject","inLanguage":"en-US","@id":"https:\/\/www.lifecaregabon.com\/index.php\/product\/sonos-12-systeme-dechographie\/#primaryimage","url":"https:\/\/www.lifecaregabon.com\/wp-content\/uploads\/2024\/12\/WhatsApp-Image-2024-12-11-a-14.30.00_918dfef8.jpg","contentUrl":"https:\/\/www.lifecaregabon.com\/wp-content\/uploads\/2024\/12\/WhatsApp-Image-2024-12-11-a-14.30.00_918dfef8.jpg","width":1080,"height":709},{"@type":"BreadcrumbList","@id":"https:\/\/www.lifecaregabon.com\/index.php\/product\/sonos-12-systeme-dechographie\/#breadcrumb","itemListElement":[{"@type":"ListItem","position":1,"name":"Accueil","item":"https:\/\/www.lifecaregabon.com\/"},{"@type":"ListItem","position":2,"name":"Boutique","item":"https:\/\/www.lifecaregabon.com\/index.php\/shop-2\/"},{"@type":"ListItem","position":3,"name":"Sonos 12 Syst\u00e8me d&rsquo;\u00e9chographie"}]},{"@type":"WebSite","@id":"https:\/\/www.lifecaregabon.com\/#website","url":"https:\/\/www.lifecaregabon.com\/","name":"Lifecare Technologies Gabon","description":"Dispositifs M\u00e9dicaux","publisher":{"@id":"https:\/\/www.lifecaregabon.com\/#organization"},"potentialAction":[{"@type":"SearchAction","target":{"@type":"EntryPoint","urlTemplate":"https:\/\/www.lifecaregabon.com\/?s={search_term_string}"},"query-input":{"@type":"PropertyValueSpecification","valueRequired":true,"valueName":"search_term_string"}}],"inLanguage":"en-US"},{"@type":"Organization","@id":"https:\/\/www.lifecaregabon.com\/#organization","name":"Lifecare Technologies Gabon","url":"https:\/\/www.lifecaregabon.com\/","logo":{"@type":"ImageObject","inLanguage":"en-US","@id":"https:\/\/www.lifecaregabon.com\/#\/schema\/logo\/image\/","url":"https:\/\/www.lifecaregabon.com\/wp-content\/uploads\/2024\/12\/cropped-cropped-logo-ltc-3.jpg","contentUrl":"https:\/\/www.lifecaregabon.com\/wp-content\/uploads\/2024\/12\/cropped-cropped-logo-ltc-3.jpg","width":639,"height":391,"caption":"Lifecare Technologies Gabon"},"image":{"@id":"https:\/\/www.lifecaregabon.com\/#\/schema\/logo\/image\/"},"sameAs":["https:\/\/www.facebook.com\/profile.php?id=61564959212945","https:\/\/x.com\/i\/flow\/login?redirect_after_login=lifecare_sarl"]}]}},"_links":{"self":[{"href":"https:\/\/www.lifecaregabon.com\/index.php\/wp-json\/wp\/v2\/product\/1435","targetHints":{"allow":["GET"]}}],"collection":[{"href":"https:\/\/www.lifecaregabon.com\/index.php\/wp-json\/wp\/v2\/product"}],"about":[{"href":"https:\/\/www.lifecaregabon.com\/index.php\/wp-json\/wp\/v2\/types\/product"}],"replies":[{"embeddable":true,"href":"https:\/\/www.lifecaregabon.com\/index.php\/wp-json\/wp\/v2\/comments?post=1435"}],"wp:featuredmedia":[{"embeddable":true,"href":"https:\/\/www.lifecaregabon.com\/index.php\/wp-json\/wp\/v2\/media\/1436"}],"wp:attachment":[{"href":"https:\/\/www.lifecaregabon.com\/index.php\/wp-json\/wp\/v2\/media?parent=1435"}],"wp:term":[{"taxonomy":"product_brand","embeddable":true,"href":"https:\/\/www.lifecaregabon.com\/index.php\/wp-json\/wp\/v2\/product_brand?post=1435"},{"taxonomy":"product_cat","embeddable":true,"href":"https:\/\/www.lifecaregabon.com\/index.php\/wp-json\/wp\/v2\/product_cat?post=1435"},{"taxonomy":"product_tag","embeddable":true,"href":"https:\/\/www.lifecaregabon.com\/index.php\/wp-json\/wp\/v2\/product_tag?post=1435"}],"curies":[{"name":"wp","href":"https:\/\/api.w.org\/{rel}","templated":true}]}}