{"id":1431,"date":"2024-12-11T11:32:08","date_gmt":"2024-12-11T10:32:08","guid":{"rendered":"http:\/\/www.lifecaregabon.com\/?post_type=product&#038;p=1431"},"modified":"2024-12-11T11:32:09","modified_gmt":"2024-12-11T10:32:09","slug":"analyseur-de-coagulation-automatique-coatron-a4","status":"publish","type":"product","link":"https:\/\/www.lifecaregabon.com\/index.php\/product\/analyseur-de-coagulation-automatique-coatron-a4\/","title":{"rendered":"Analyseur de coagulation automatique Coatron\u00ae A4"},"content":{"rendered":"<p>Logiciel<\/p>\n<p>Algorithme de d\u00e9tection approuv\u00e9 et tr\u00e8s pr\u00e9cis bas\u00e9 sur la densit\u00e9 optique. Le temps de coagulation est d\u00e9fini au point d&#8217;inflexion de la r\u00e9action.<br \/>\nUne interface graphique intuitive TECO famili\u00e8re avec une sensation de &#8220;Plug and Go&#8221;.<br \/>\nDialogue multilingue. (anglais, allemand et autres)<br \/>\nPlanificateur d&#8217;acc\u00e8s al\u00e9atoire. Les profils peuvent \u00eatre r\u00e9alis\u00e9s par lots ou de mani\u00e8re s\u00e9lective.<br \/>\nIdentification positive de l&#8217;\u00e9chantillon (ID et position du rack), soit manuelle, soit avec un lecteur de code-barres<br \/>\nTraitement rapide et facile des \u00e9chantillons STAT<br \/>\nProtocoles de test librement programmables pour modifier ou adapter de nouveaux tests<br \/>\nCalcul de l&#8217;activit\u00e9 en %, de l&#8217;INR, du ratio, du g\/L, du mg\/dL et plus encore.<br \/>\nLa courbe d&#8217;\u00e9talonnage peut \u00eatre identifi\u00e9e avec jusqu&#8217;\u00e0 6 points par test. Les r\u00e9sultats peuvent \u00eatre calcul\u00e9s \u00e0 l&#8217;aide d&#8217;une analyse de r\u00e9gression ou d&#8217;une interpolation lin\u00e9aire.<br \/>\nD\u00e9terminations simples ou doubles<br \/>\nMise \u00e0 jour simple du logiciel<\/p>\n<p>Fonctions sp\u00e9ciales<\/p>\n<p>Dilutions automatiques du plasma jusqu&#8217;\u00e0 1:100<br \/>\nCycles de nettoyage automatiques<br \/>\nRoutines d&#8217;\u00e9talonnage automatique des tests<br \/>\nContr\u00f4le automatique de la qualit\u00e9<br \/>\nImpression automatique ou manuelle<br \/>\n&#8212;<\/p>\n","protected":false},"excerpt":{"rendered":"<p>Lumi\u00e8re ultraviolette (400 nm). L&#8217;amplification de la mesure est adapt\u00e9e Principe de mesure photom\u00e9trique avec optique haute r\u00e9solution \u00e0 4 canaux, automatiquement aux m\u00e9thodes utilis\u00e9es. L&#8217;\u00e9nergie lumineuse \u00e9trang\u00e8re et diffus\u00e9e est absorb\u00e9e.<br \/>\nSyst\u00e8me de pipetage XYZ de haute pr\u00e9cision avec capteur de niveau de liquide<br \/>\nCapuchon durable et flexible Aiguille de per\u00e7age pour tubes primaires tels que BD Vaccutainer<br \/>\ntubes primaires tels que BD Vaccutainer\u00ae ou Sarstedt Monovette\u00ae.<br \/>\nLecteur de codes d&#8217;identification int\u00e9gr\u00e9<br \/>\nInterface bidirectionnelle pour PC-Link vers LIS.<br \/>\nChariot optionnel pour \u00e9largir la gestion des d\u00e9chets<br \/>\nImprimante thermique graphique int\u00e9gr\u00e9e<br \/>\nPositions chauff\u00e9es et refroidies pour les r\u00e9actifs<br \/>\nTiroirs int\u00e9gr\u00e9s pour les consommables<\/p>\n","protected":false},"featured_media":1432,"comment_status":"open","ping_status":"closed","template":"","meta":{"_kadence_starter_templates_imported_post":false,"_kad_post_transparent":"default","_kad_post_title":"","_kad_post_layout":"default","_kad_post_sidebar_id":"","_kad_post_content_style":"default","_kad_post_vertical_padding":"default","_kad_post_feature":"","_kad_post_feature_position":"","_kad_post_header":false,"_kad_post_footer":false,"_kad_post_classname":""},"product_brand":[],"product_cat":[44],"product_tag":[],"class_list":{"0":"post-1431","1":"product","2":"type-product","3":"status-publish","4":"has-post-thumbnail","6":"product_cat-hemostase","8":"first","9":"instock","10":"taxable","11":"shipping-taxable","12":"product-type-simple","13":"entry","14":"content-bg","15":"loop-entry"},"yoast_head":"<!-- This site is optimized with the Yoast SEO plugin v26.6 - https:\/\/yoast.com\/wordpress\/plugins\/seo\/ -->\n<title>Analyseur de coagulation automatique Coatron\u00ae A4 - Lifecare Technologies Gabon<\/title>\n<meta name=\"description\" content=\"Distributeur de Dispositifs M\u00e9dicaux et param\u00e9dicaux \u00e0 Libreville-Gabon\" \/>\n<meta name=\"robots\" content=\"index, follow, max-snippet:-1, max-image-preview:large, max-video-preview:-1\" \/>\n<link rel=\"canonical\" href=\"https:\/\/www.lifecaregabon.com\/index.php\/product\/analyseur-de-coagulation-automatique-coatron-a4\/\" \/>\n<meta property=\"og:locale\" content=\"en_US\" \/>\n<meta property=\"og:type\" content=\"article\" \/>\n<meta property=\"og:title\" content=\"Analyseur de coagulation automatique Coatron\u00ae A4 - Lifecare Technologies Gabon\" \/>\n<meta property=\"og:description\" content=\"Distributeur de Dispositifs M\u00e9dicaux et param\u00e9dicaux \u00e0 Libreville-Gabon\" \/>\n<meta property=\"og:url\" content=\"https:\/\/www.lifecaregabon.com\/index.php\/product\/analyseur-de-coagulation-automatique-coatron-a4\/\" \/>\n<meta property=\"og:site_name\" content=\"Lifecare Technologies Gabon\" \/>\n<meta property=\"article:publisher\" content=\"https:\/\/www.facebook.com\/profile.php?id=61564959212945\" \/>\n<meta property=\"article:modified_time\" content=\"2024-12-11T10:32:09+00:00\" \/>\n<meta property=\"og:image\" content=\"https:\/\/www.lifecaregabon.com\/wp-content\/uploads\/2024\/12\/WhatsApp-Image-2024-12-11-a-11.31.24_dc936cbe.jpg\" \/>\n\t<meta property=\"og:image:width\" content=\"300\" \/>\n\t<meta property=\"og:image:height\" content=\"300\" \/>\n\t<meta property=\"og:image:type\" content=\"image\/jpeg\" \/>\n<meta name=\"twitter:card\" content=\"summary_large_image\" \/>\n<meta name=\"twitter:label1\" content=\"Est. reading time\" \/>\n\t<meta name=\"twitter:data1\" content=\"1 minute\" \/>\n<script type=\"application\/ld+json\" class=\"yoast-schema-graph\">{\"@context\":\"https:\/\/schema.org\",\"@graph\":[{\"@type\":\"WebPage\",\"@id\":\"https:\/\/www.lifecaregabon.com\/index.php\/product\/analyseur-de-coagulation-automatique-coatron-a4\/\",\"url\":\"https:\/\/www.lifecaregabon.com\/index.php\/product\/analyseur-de-coagulation-automatique-coatron-a4\/\",\"name\":\"Analyseur de coagulation automatique Coatron\u00ae A4 - Lifecare Technologies Gabon\",\"isPartOf\":{\"@id\":\"https:\/\/www.lifecaregabon.com\/#website\"},\"primaryImageOfPage\":{\"@id\":\"https:\/\/www.lifecaregabon.com\/index.php\/product\/analyseur-de-coagulation-automatique-coatron-a4\/#primaryimage\"},\"image\":{\"@id\":\"https:\/\/www.lifecaregabon.com\/index.php\/product\/analyseur-de-coagulation-automatique-coatron-a4\/#primaryimage\"},\"thumbnailUrl\":\"https:\/\/www.lifecaregabon.com\/wp-content\/uploads\/2024\/12\/WhatsApp-Image-2024-12-11-a-11.31.24_dc936cbe.jpg\",\"datePublished\":\"2024-12-11T10:32:08+00:00\",\"dateModified\":\"2024-12-11T10:32:09+00:00\",\"description\":\"Distributeur de Dispositifs M\u00e9dicaux et param\u00e9dicaux \u00e0 Libreville-Gabon\",\"breadcrumb\":{\"@id\":\"https:\/\/www.lifecaregabon.com\/index.php\/product\/analyseur-de-coagulation-automatique-coatron-a4\/#breadcrumb\"},\"inLanguage\":\"en-US\",\"potentialAction\":[{\"@type\":\"ReadAction\",\"target\":[\"https:\/\/www.lifecaregabon.com\/index.php\/product\/analyseur-de-coagulation-automatique-coatron-a4\/\"]}]},{\"@type\":\"ImageObject\",\"inLanguage\":\"en-US\",\"@id\":\"https:\/\/www.lifecaregabon.com\/index.php\/product\/analyseur-de-coagulation-automatique-coatron-a4\/#primaryimage\",\"url\":\"https:\/\/www.lifecaregabon.com\/wp-content\/uploads\/2024\/12\/WhatsApp-Image-2024-12-11-a-11.31.24_dc936cbe.jpg\",\"contentUrl\":\"https:\/\/www.lifecaregabon.com\/wp-content\/uploads\/2024\/12\/WhatsApp-Image-2024-12-11-a-11.31.24_dc936cbe.jpg\",\"width\":300,\"height\":300},{\"@type\":\"BreadcrumbList\",\"@id\":\"https:\/\/www.lifecaregabon.com\/index.php\/product\/analyseur-de-coagulation-automatique-coatron-a4\/#breadcrumb\",\"itemListElement\":[{\"@type\":\"ListItem\",\"position\":1,\"name\":\"Accueil\",\"item\":\"https:\/\/www.lifecaregabon.com\/\"},{\"@type\":\"ListItem\",\"position\":2,\"name\":\"Boutique\",\"item\":\"https:\/\/www.lifecaregabon.com\/index.php\/shop-2\/\"},{\"@type\":\"ListItem\",\"position\":3,\"name\":\"Analyseur de coagulation automatique Coatron\u00ae A4\"}]},{\"@type\":\"WebSite\",\"@id\":\"https:\/\/www.lifecaregabon.com\/#website\",\"url\":\"https:\/\/www.lifecaregabon.com\/\",\"name\":\"Lifecare Technologies Gabon\",\"description\":\"Dispositifs M\u00e9dicaux\",\"publisher\":{\"@id\":\"https:\/\/www.lifecaregabon.com\/#organization\"},\"potentialAction\":[{\"@type\":\"SearchAction\",\"target\":{\"@type\":\"EntryPoint\",\"urlTemplate\":\"https:\/\/www.lifecaregabon.com\/?s={search_term_string}\"},\"query-input\":{\"@type\":\"PropertyValueSpecification\",\"valueRequired\":true,\"valueName\":\"search_term_string\"}}],\"inLanguage\":\"en-US\"},{\"@type\":\"Organization\",\"@id\":\"https:\/\/www.lifecaregabon.com\/#organization\",\"name\":\"Lifecare Technologies Gabon\",\"url\":\"https:\/\/www.lifecaregabon.com\/\",\"logo\":{\"@type\":\"ImageObject\",\"inLanguage\":\"en-US\",\"@id\":\"https:\/\/www.lifecaregabon.com\/#\/schema\/logo\/image\/\",\"url\":\"https:\/\/www.lifecaregabon.com\/wp-content\/uploads\/2024\/12\/cropped-cropped-logo-ltc-3.jpg\",\"contentUrl\":\"https:\/\/www.lifecaregabon.com\/wp-content\/uploads\/2024\/12\/cropped-cropped-logo-ltc-3.jpg\",\"width\":639,\"height\":391,\"caption\":\"Lifecare Technologies Gabon\"},\"image\":{\"@id\":\"https:\/\/www.lifecaregabon.com\/#\/schema\/logo\/image\/\"},\"sameAs\":[\"https:\/\/www.facebook.com\/profile.php?id=61564959212945\",\"https:\/\/x.com\/i\/flow\/login?redirect_after_login=lifecare_sarl\"]}]}<\/script>\n<!-- \/ Yoast SEO plugin. -->","yoast_head_json":{"title":"Analyseur de coagulation automatique Coatron\u00ae A4 - Lifecare Technologies Gabon","description":"Distributeur de Dispositifs M\u00e9dicaux et param\u00e9dicaux \u00e0 Libreville-Gabon","robots":{"index":"index","follow":"follow","max-snippet":"max-snippet:-1","max-image-preview":"max-image-preview:large","max-video-preview":"max-video-preview:-1"},"canonical":"https:\/\/www.lifecaregabon.com\/index.php\/product\/analyseur-de-coagulation-automatique-coatron-a4\/","og_locale":"en_US","og_type":"article","og_title":"Analyseur de coagulation automatique Coatron\u00ae A4 - Lifecare Technologies Gabon","og_description":"Distributeur de Dispositifs M\u00e9dicaux et param\u00e9dicaux \u00e0 Libreville-Gabon","og_url":"https:\/\/www.lifecaregabon.com\/index.php\/product\/analyseur-de-coagulation-automatique-coatron-a4\/","og_site_name":"Lifecare Technologies Gabon","article_publisher":"https:\/\/www.facebook.com\/profile.php?id=61564959212945","article_modified_time":"2024-12-11T10:32:09+00:00","og_image":[{"width":300,"height":300,"url":"https:\/\/www.lifecaregabon.com\/wp-content\/uploads\/2024\/12\/WhatsApp-Image-2024-12-11-a-11.31.24_dc936cbe.jpg","type":"image\/jpeg"}],"twitter_card":"summary_large_image","twitter_misc":{"Est. reading time":"1 minute"},"schema":{"@context":"https:\/\/schema.org","@graph":[{"@type":"WebPage","@id":"https:\/\/www.lifecaregabon.com\/index.php\/product\/analyseur-de-coagulation-automatique-coatron-a4\/","url":"https:\/\/www.lifecaregabon.com\/index.php\/product\/analyseur-de-coagulation-automatique-coatron-a4\/","name":"Analyseur de coagulation automatique Coatron\u00ae A4 - Lifecare Technologies Gabon","isPartOf":{"@id":"https:\/\/www.lifecaregabon.com\/#website"},"primaryImageOfPage":{"@id":"https:\/\/www.lifecaregabon.com\/index.php\/product\/analyseur-de-coagulation-automatique-coatron-a4\/#primaryimage"},"image":{"@id":"https:\/\/www.lifecaregabon.com\/index.php\/product\/analyseur-de-coagulation-automatique-coatron-a4\/#primaryimage"},"thumbnailUrl":"https:\/\/www.lifecaregabon.com\/wp-content\/uploads\/2024\/12\/WhatsApp-Image-2024-12-11-a-11.31.24_dc936cbe.jpg","datePublished":"2024-12-11T10:32:08+00:00","dateModified":"2024-12-11T10:32:09+00:00","description":"Distributeur de Dispositifs M\u00e9dicaux et param\u00e9dicaux \u00e0 Libreville-Gabon","breadcrumb":{"@id":"https:\/\/www.lifecaregabon.com\/index.php\/product\/analyseur-de-coagulation-automatique-coatron-a4\/#breadcrumb"},"inLanguage":"en-US","potentialAction":[{"@type":"ReadAction","target":["https:\/\/www.lifecaregabon.com\/index.php\/product\/analyseur-de-coagulation-automatique-coatron-a4\/"]}]},{"@type":"ImageObject","inLanguage":"en-US","@id":"https:\/\/www.lifecaregabon.com\/index.php\/product\/analyseur-de-coagulation-automatique-coatron-a4\/#primaryimage","url":"https:\/\/www.lifecaregabon.com\/wp-content\/uploads\/2024\/12\/WhatsApp-Image-2024-12-11-a-11.31.24_dc936cbe.jpg","contentUrl":"https:\/\/www.lifecaregabon.com\/wp-content\/uploads\/2024\/12\/WhatsApp-Image-2024-12-11-a-11.31.24_dc936cbe.jpg","width":300,"height":300},{"@type":"BreadcrumbList","@id":"https:\/\/www.lifecaregabon.com\/index.php\/product\/analyseur-de-coagulation-automatique-coatron-a4\/#breadcrumb","itemListElement":[{"@type":"ListItem","position":1,"name":"Accueil","item":"https:\/\/www.lifecaregabon.com\/"},{"@type":"ListItem","position":2,"name":"Boutique","item":"https:\/\/www.lifecaregabon.com\/index.php\/shop-2\/"},{"@type":"ListItem","position":3,"name":"Analyseur de coagulation automatique Coatron\u00ae A4"}]},{"@type":"WebSite","@id":"https:\/\/www.lifecaregabon.com\/#website","url":"https:\/\/www.lifecaregabon.com\/","name":"Lifecare Technologies Gabon","description":"Dispositifs M\u00e9dicaux","publisher":{"@id":"https:\/\/www.lifecaregabon.com\/#organization"},"potentialAction":[{"@type":"SearchAction","target":{"@type":"EntryPoint","urlTemplate":"https:\/\/www.lifecaregabon.com\/?s={search_term_string}"},"query-input":{"@type":"PropertyValueSpecification","valueRequired":true,"valueName":"search_term_string"}}],"inLanguage":"en-US"},{"@type":"Organization","@id":"https:\/\/www.lifecaregabon.com\/#organization","name":"Lifecare Technologies Gabon","url":"https:\/\/www.lifecaregabon.com\/","logo":{"@type":"ImageObject","inLanguage":"en-US","@id":"https:\/\/www.lifecaregabon.com\/#\/schema\/logo\/image\/","url":"https:\/\/www.lifecaregabon.com\/wp-content\/uploads\/2024\/12\/cropped-cropped-logo-ltc-3.jpg","contentUrl":"https:\/\/www.lifecaregabon.com\/wp-content\/uploads\/2024\/12\/cropped-cropped-logo-ltc-3.jpg","width":639,"height":391,"caption":"Lifecare Technologies Gabon"},"image":{"@id":"https:\/\/www.lifecaregabon.com\/#\/schema\/logo\/image\/"},"sameAs":["https:\/\/www.facebook.com\/profile.php?id=61564959212945","https:\/\/x.com\/i\/flow\/login?redirect_after_login=lifecare_sarl"]}]}},"_links":{"self":[{"href":"https:\/\/www.lifecaregabon.com\/index.php\/wp-json\/wp\/v2\/product\/1431","targetHints":{"allow":["GET"]}}],"collection":[{"href":"https:\/\/www.lifecaregabon.com\/index.php\/wp-json\/wp\/v2\/product"}],"about":[{"href":"https:\/\/www.lifecaregabon.com\/index.php\/wp-json\/wp\/v2\/types\/product"}],"replies":[{"embeddable":true,"href":"https:\/\/www.lifecaregabon.com\/index.php\/wp-json\/wp\/v2\/comments?post=1431"}],"wp:featuredmedia":[{"embeddable":true,"href":"https:\/\/www.lifecaregabon.com\/index.php\/wp-json\/wp\/v2\/media\/1432"}],"wp:attachment":[{"href":"https:\/\/www.lifecaregabon.com\/index.php\/wp-json\/wp\/v2\/media?parent=1431"}],"wp:term":[{"taxonomy":"product_brand","embeddable":true,"href":"https:\/\/www.lifecaregabon.com\/index.php\/wp-json\/wp\/v2\/product_brand?post=1431"},{"taxonomy":"product_cat","embeddable":true,"href":"https:\/\/www.lifecaregabon.com\/index.php\/wp-json\/wp\/v2\/product_cat?post=1431"},{"taxonomy":"product_tag","embeddable":true,"href":"https:\/\/www.lifecaregabon.com\/index.php\/wp-json\/wp\/v2\/product_tag?post=1431"}],"curies":[{"name":"wp","href":"https:\/\/api.w.org\/{rel}","templated":true}]}}