{"id":1429,"date":"2024-12-11T11:27:38","date_gmt":"2024-12-11T10:27:38","guid":{"rendered":"http:\/\/www.lifecaregabon.com\/?post_type=product&#038;p=1429"},"modified":"2024-12-13T09:11:07","modified_gmt":"2024-12-13T08:11:07","slug":"analyseur-de-coagulation-automatique-coatron-x-pro","status":"publish","type":"product","link":"https:\/\/www.lifecaregabon.com\/index.php\/product\/analyseur-de-coagulation-automatique-coatron-x-pro\/","title":{"rendered":"Analyseur de coagulation automatique Coatron X Pro"},"content":{"rendered":"<p>R\u00e9solution optique \u00e9lev\u00e9e, plage optique \u00e9largie, volume d&#8217;\u00e9chantillon et de r\u00e9actif le plus faible possible<br \/>\n0,1 mOD &#8211; 3500 mOD, seulement avec un volume d&#8217;\u00e9chantillon et de r\u00e9actif de 75\u03bcL<\/p>\n<p>Analyse optique compl\u00e8te<br \/>\nAucune autre pi\u00e8ce n&#8217;est n\u00e9cessaire, comme des billes, des agitateurs, etc.<\/p>\n<p>Adaptation du niveau de lumi\u00e8re<br \/>\nAjustement automatique du niveau de lumi\u00e8re des canaux optiques \u00e0 chaque \u00e9chantillon<\/p>\n<p>Exclusion des perturbations<br \/>\nR\u00e9duction de la lumi\u00e8re parasite, contr\u00f4le exact de la temp\u00e9rature, tous les param\u00e8tres sont pr\u00e9r\u00e9gl\u00e9s.<\/p>\n<p>Nombre de canaux : 2 canaux<br \/>\nTechnologie : optique<br \/>\nType de tests : PT, TCA, TT<br \/>\nType d&#8217;\u00e9chantillons : de sang<br \/>\nConfiguration : portable<br \/>\nAutres caract\u00e9ristiques : avec \u00e9cran tactile<br \/>\nVolume d&#8217;\u00e9chantillon : 0,075 ml (0,002536 US fl oz)<\/p>\n","protected":false},"excerpt":{"rendered":"<p>Gamme compl\u00e8te d&#8217;analyses de la coagulation r\u00e9pondant aux normes et \u00e0 la fiabilit\u00e9 les plus \u00e9lev\u00e9es. La nouvelle g\u00e9n\u00e9ration d&#8217;instruments de coagulation \u00e0 d\u00e9tection optique est arriv\u00e9e.&#8221;<\/p>\n<p>La ligne d&#8217;instruments Coatron X est la suite logique du d\u00e9veloppement de la ligne de produits Coatron. Plus de 25 ans d&#8217;exp\u00e9rience et d&#8217;innovation sont la r\u00e9f\u00e9rence de notre nouvelle ligne d&#8217;instruments Coatron X.<\/p>\n<p>Le principe de d\u00e9tection unique en combinaison avec l&#8217;algorithme analytique de haut niveau calcule des r\u00e9sultats exacts, pr\u00e9cis et reproductibles. Facile \u00e0 utiliser &#8211; dialogue avec l&#8217;utilisateur &#8211; fiable<\/p>\n","protected":false},"featured_media":1430,"comment_status":"open","ping_status":"closed","template":"","meta":{"_kadence_starter_templates_imported_post":false,"_kad_post_transparent":"default","_kad_post_title":"","_kad_post_layout":"default","_kad_post_sidebar_id":"","_kad_post_content_style":"default","_kad_post_vertical_padding":"default","_kad_post_feature":"","_kad_post_feature_position":"","_kad_post_header":false,"_kad_post_footer":false,"_kad_post_classname":""},"product_brand":[],"product_cat":[44],"product_tag":[],"class_list":{"0":"post-1429","1":"product","2":"type-product","3":"status-publish","4":"has-post-thumbnail","6":"product_cat-hemostase","8":"first","9":"instock","10":"sale","11":"downloadable","12":"taxable","13":"shipping-taxable","14":"purchasable","15":"product-type-simple","16":"entry","17":"content-bg","18":"loop-entry"},"yoast_head":"<!-- This site is optimized with the Yoast SEO plugin v26.6 - https:\/\/yoast.com\/wordpress\/plugins\/seo\/ -->\n<title>Analyseur de coagulation automatique Coatron X Pro - Lifecare Technologies Gabon<\/title>\n<meta name=\"description\" content=\"Distributeur de Dispositifs M\u00e9dicaux et param\u00e9dicaux \u00e0 Libreville-Gabon\" \/>\n<meta name=\"robots\" content=\"index, follow, max-snippet:-1, max-image-preview:large, max-video-preview:-1\" \/>\n<link rel=\"canonical\" href=\"https:\/\/www.lifecaregabon.com\/index.php\/product\/analyseur-de-coagulation-automatique-coatron-x-pro\/\" \/>\n<meta property=\"og:locale\" content=\"en_US\" \/>\n<meta property=\"og:type\" content=\"article\" \/>\n<meta property=\"og:title\" content=\"Analyseur de coagulation automatique Coatron X Pro - Lifecare Technologies Gabon\" \/>\n<meta property=\"og:description\" content=\"Distributeur de Dispositifs M\u00e9dicaux et param\u00e9dicaux \u00e0 Libreville-Gabon\" \/>\n<meta property=\"og:url\" content=\"https:\/\/www.lifecaregabon.com\/index.php\/product\/analyseur-de-coagulation-automatique-coatron-x-pro\/\" \/>\n<meta property=\"og:site_name\" content=\"Lifecare Technologies Gabon\" \/>\n<meta property=\"article:publisher\" content=\"https:\/\/www.facebook.com\/profile.php?id=61564959212945\" \/>\n<meta property=\"article:modified_time\" content=\"2024-12-13T08:11:07+00:00\" \/>\n<meta property=\"og:image\" content=\"https:\/\/www.lifecaregabon.com\/wp-content\/uploads\/2024\/12\/WhatsApp-Image-2024-12-11-a-11.26.50_18e836d0.jpg\" \/>\n\t<meta property=\"og:image:width\" content=\"480\" \/>\n\t<meta property=\"og:image:height\" content=\"232\" \/>\n\t<meta property=\"og:image:type\" content=\"image\/jpeg\" \/>\n<meta name=\"twitter:card\" content=\"summary_large_image\" \/>\n<meta name=\"twitter:label1\" content=\"Est. reading time\" \/>\n\t<meta name=\"twitter:data1\" content=\"1 minute\" \/>\n<script type=\"application\/ld+json\" class=\"yoast-schema-graph\">{\"@context\":\"https:\/\/schema.org\",\"@graph\":[{\"@type\":\"WebPage\",\"@id\":\"https:\/\/www.lifecaregabon.com\/index.php\/product\/analyseur-de-coagulation-automatique-coatron-x-pro\/\",\"url\":\"https:\/\/www.lifecaregabon.com\/index.php\/product\/analyseur-de-coagulation-automatique-coatron-x-pro\/\",\"name\":\"Analyseur de coagulation automatique Coatron X Pro - Lifecare Technologies Gabon\",\"isPartOf\":{\"@id\":\"https:\/\/www.lifecaregabon.com\/#website\"},\"primaryImageOfPage\":{\"@id\":\"https:\/\/www.lifecaregabon.com\/index.php\/product\/analyseur-de-coagulation-automatique-coatron-x-pro\/#primaryimage\"},\"image\":{\"@id\":\"https:\/\/www.lifecaregabon.com\/index.php\/product\/analyseur-de-coagulation-automatique-coatron-x-pro\/#primaryimage\"},\"thumbnailUrl\":\"https:\/\/www.lifecaregabon.com\/wp-content\/uploads\/2024\/12\/WhatsApp-Image-2024-12-11-a-11.26.50_18e836d0.jpg\",\"datePublished\":\"2024-12-11T10:27:38+00:00\",\"dateModified\":\"2024-12-13T08:11:07+00:00\",\"description\":\"Distributeur de Dispositifs M\u00e9dicaux et param\u00e9dicaux \u00e0 Libreville-Gabon\",\"breadcrumb\":{\"@id\":\"https:\/\/www.lifecaregabon.com\/index.php\/product\/analyseur-de-coagulation-automatique-coatron-x-pro\/#breadcrumb\"},\"inLanguage\":\"en-US\",\"potentialAction\":[{\"@type\":\"ReadAction\",\"target\":[\"https:\/\/www.lifecaregabon.com\/index.php\/product\/analyseur-de-coagulation-automatique-coatron-x-pro\/\"]}]},{\"@type\":\"ImageObject\",\"inLanguage\":\"en-US\",\"@id\":\"https:\/\/www.lifecaregabon.com\/index.php\/product\/analyseur-de-coagulation-automatique-coatron-x-pro\/#primaryimage\",\"url\":\"https:\/\/www.lifecaregabon.com\/wp-content\/uploads\/2024\/12\/WhatsApp-Image-2024-12-11-a-11.26.50_18e836d0.jpg\",\"contentUrl\":\"https:\/\/www.lifecaregabon.com\/wp-content\/uploads\/2024\/12\/WhatsApp-Image-2024-12-11-a-11.26.50_18e836d0.jpg\",\"width\":480,\"height\":232},{\"@type\":\"BreadcrumbList\",\"@id\":\"https:\/\/www.lifecaregabon.com\/index.php\/product\/analyseur-de-coagulation-automatique-coatron-x-pro\/#breadcrumb\",\"itemListElement\":[{\"@type\":\"ListItem\",\"position\":1,\"name\":\"Accueil\",\"item\":\"https:\/\/www.lifecaregabon.com\/\"},{\"@type\":\"ListItem\",\"position\":2,\"name\":\"Boutique\",\"item\":\"https:\/\/www.lifecaregabon.com\/index.php\/shop-2\/\"},{\"@type\":\"ListItem\",\"position\":3,\"name\":\"Analyseur de coagulation automatique Coatron X Pro\"}]},{\"@type\":\"WebSite\",\"@id\":\"https:\/\/www.lifecaregabon.com\/#website\",\"url\":\"https:\/\/www.lifecaregabon.com\/\",\"name\":\"Lifecare Technologies Gabon\",\"description\":\"Dispositifs M\u00e9dicaux\",\"publisher\":{\"@id\":\"https:\/\/www.lifecaregabon.com\/#organization\"},\"potentialAction\":[{\"@type\":\"SearchAction\",\"target\":{\"@type\":\"EntryPoint\",\"urlTemplate\":\"https:\/\/www.lifecaregabon.com\/?s={search_term_string}\"},\"query-input\":{\"@type\":\"PropertyValueSpecification\",\"valueRequired\":true,\"valueName\":\"search_term_string\"}}],\"inLanguage\":\"en-US\"},{\"@type\":\"Organization\",\"@id\":\"https:\/\/www.lifecaregabon.com\/#organization\",\"name\":\"Lifecare Technologies Gabon\",\"url\":\"https:\/\/www.lifecaregabon.com\/\",\"logo\":{\"@type\":\"ImageObject\",\"inLanguage\":\"en-US\",\"@id\":\"https:\/\/www.lifecaregabon.com\/#\/schema\/logo\/image\/\",\"url\":\"https:\/\/www.lifecaregabon.com\/wp-content\/uploads\/2024\/12\/cropped-cropped-logo-ltc-3.jpg\",\"contentUrl\":\"https:\/\/www.lifecaregabon.com\/wp-content\/uploads\/2024\/12\/cropped-cropped-logo-ltc-3.jpg\",\"width\":639,\"height\":391,\"caption\":\"Lifecare Technologies Gabon\"},\"image\":{\"@id\":\"https:\/\/www.lifecaregabon.com\/#\/schema\/logo\/image\/\"},\"sameAs\":[\"https:\/\/www.facebook.com\/profile.php?id=61564959212945\",\"https:\/\/x.com\/i\/flow\/login?redirect_after_login=lifecare_sarl\"]}]}<\/script>\n<!-- \/ Yoast SEO plugin. -->","yoast_head_json":{"title":"Analyseur de coagulation automatique Coatron X Pro - Lifecare Technologies Gabon","description":"Distributeur de Dispositifs M\u00e9dicaux et param\u00e9dicaux \u00e0 Libreville-Gabon","robots":{"index":"index","follow":"follow","max-snippet":"max-snippet:-1","max-image-preview":"max-image-preview:large","max-video-preview":"max-video-preview:-1"},"canonical":"https:\/\/www.lifecaregabon.com\/index.php\/product\/analyseur-de-coagulation-automatique-coatron-x-pro\/","og_locale":"en_US","og_type":"article","og_title":"Analyseur de coagulation automatique Coatron X Pro - Lifecare Technologies Gabon","og_description":"Distributeur de Dispositifs M\u00e9dicaux et param\u00e9dicaux \u00e0 Libreville-Gabon","og_url":"https:\/\/www.lifecaregabon.com\/index.php\/product\/analyseur-de-coagulation-automatique-coatron-x-pro\/","og_site_name":"Lifecare Technologies Gabon","article_publisher":"https:\/\/www.facebook.com\/profile.php?id=61564959212945","article_modified_time":"2024-12-13T08:11:07+00:00","og_image":[{"width":480,"height":232,"url":"https:\/\/www.lifecaregabon.com\/wp-content\/uploads\/2024\/12\/WhatsApp-Image-2024-12-11-a-11.26.50_18e836d0.jpg","type":"image\/jpeg"}],"twitter_card":"summary_large_image","twitter_misc":{"Est. reading time":"1 minute"},"schema":{"@context":"https:\/\/schema.org","@graph":[{"@type":"WebPage","@id":"https:\/\/www.lifecaregabon.com\/index.php\/product\/analyseur-de-coagulation-automatique-coatron-x-pro\/","url":"https:\/\/www.lifecaregabon.com\/index.php\/product\/analyseur-de-coagulation-automatique-coatron-x-pro\/","name":"Analyseur de coagulation automatique Coatron X Pro - Lifecare Technologies Gabon","isPartOf":{"@id":"https:\/\/www.lifecaregabon.com\/#website"},"primaryImageOfPage":{"@id":"https:\/\/www.lifecaregabon.com\/index.php\/product\/analyseur-de-coagulation-automatique-coatron-x-pro\/#primaryimage"},"image":{"@id":"https:\/\/www.lifecaregabon.com\/index.php\/product\/analyseur-de-coagulation-automatique-coatron-x-pro\/#primaryimage"},"thumbnailUrl":"https:\/\/www.lifecaregabon.com\/wp-content\/uploads\/2024\/12\/WhatsApp-Image-2024-12-11-a-11.26.50_18e836d0.jpg","datePublished":"2024-12-11T10:27:38+00:00","dateModified":"2024-12-13T08:11:07+00:00","description":"Distributeur de Dispositifs M\u00e9dicaux et param\u00e9dicaux \u00e0 Libreville-Gabon","breadcrumb":{"@id":"https:\/\/www.lifecaregabon.com\/index.php\/product\/analyseur-de-coagulation-automatique-coatron-x-pro\/#breadcrumb"},"inLanguage":"en-US","potentialAction":[{"@type":"ReadAction","target":["https:\/\/www.lifecaregabon.com\/index.php\/product\/analyseur-de-coagulation-automatique-coatron-x-pro\/"]}]},{"@type":"ImageObject","inLanguage":"en-US","@id":"https:\/\/www.lifecaregabon.com\/index.php\/product\/analyseur-de-coagulation-automatique-coatron-x-pro\/#primaryimage","url":"https:\/\/www.lifecaregabon.com\/wp-content\/uploads\/2024\/12\/WhatsApp-Image-2024-12-11-a-11.26.50_18e836d0.jpg","contentUrl":"https:\/\/www.lifecaregabon.com\/wp-content\/uploads\/2024\/12\/WhatsApp-Image-2024-12-11-a-11.26.50_18e836d0.jpg","width":480,"height":232},{"@type":"BreadcrumbList","@id":"https:\/\/www.lifecaregabon.com\/index.php\/product\/analyseur-de-coagulation-automatique-coatron-x-pro\/#breadcrumb","itemListElement":[{"@type":"ListItem","position":1,"name":"Accueil","item":"https:\/\/www.lifecaregabon.com\/"},{"@type":"ListItem","position":2,"name":"Boutique","item":"https:\/\/www.lifecaregabon.com\/index.php\/shop-2\/"},{"@type":"ListItem","position":3,"name":"Analyseur de coagulation automatique Coatron X Pro"}]},{"@type":"WebSite","@id":"https:\/\/www.lifecaregabon.com\/#website","url":"https:\/\/www.lifecaregabon.com\/","name":"Lifecare Technologies Gabon","description":"Dispositifs M\u00e9dicaux","publisher":{"@id":"https:\/\/www.lifecaregabon.com\/#organization"},"potentialAction":[{"@type":"SearchAction","target":{"@type":"EntryPoint","urlTemplate":"https:\/\/www.lifecaregabon.com\/?s={search_term_string}"},"query-input":{"@type":"PropertyValueSpecification","valueRequired":true,"valueName":"search_term_string"}}],"inLanguage":"en-US"},{"@type":"Organization","@id":"https:\/\/www.lifecaregabon.com\/#organization","name":"Lifecare Technologies Gabon","url":"https:\/\/www.lifecaregabon.com\/","logo":{"@type":"ImageObject","inLanguage":"en-US","@id":"https:\/\/www.lifecaregabon.com\/#\/schema\/logo\/image\/","url":"https:\/\/www.lifecaregabon.com\/wp-content\/uploads\/2024\/12\/cropped-cropped-logo-ltc-3.jpg","contentUrl":"https:\/\/www.lifecaregabon.com\/wp-content\/uploads\/2024\/12\/cropped-cropped-logo-ltc-3.jpg","width":639,"height":391,"caption":"Lifecare Technologies Gabon"},"image":{"@id":"https:\/\/www.lifecaregabon.com\/#\/schema\/logo\/image\/"},"sameAs":["https:\/\/www.facebook.com\/profile.php?id=61564959212945","https:\/\/x.com\/i\/flow\/login?redirect_after_login=lifecare_sarl"]}]}},"_links":{"self":[{"href":"https:\/\/www.lifecaregabon.com\/index.php\/wp-json\/wp\/v2\/product\/1429","targetHints":{"allow":["GET"]}}],"collection":[{"href":"https:\/\/www.lifecaregabon.com\/index.php\/wp-json\/wp\/v2\/product"}],"about":[{"href":"https:\/\/www.lifecaregabon.com\/index.php\/wp-json\/wp\/v2\/types\/product"}],"replies":[{"embeddable":true,"href":"https:\/\/www.lifecaregabon.com\/index.php\/wp-json\/wp\/v2\/comments?post=1429"}],"wp:featuredmedia":[{"embeddable":true,"href":"https:\/\/www.lifecaregabon.com\/index.php\/wp-json\/wp\/v2\/media\/1430"}],"wp:attachment":[{"href":"https:\/\/www.lifecaregabon.com\/index.php\/wp-json\/wp\/v2\/media?parent=1429"}],"wp:term":[{"taxonomy":"product_brand","embeddable":true,"href":"https:\/\/www.lifecaregabon.com\/index.php\/wp-json\/wp\/v2\/product_brand?post=1429"},{"taxonomy":"product_cat","embeddable":true,"href":"https:\/\/www.lifecaregabon.com\/index.php\/wp-json\/wp\/v2\/product_cat?post=1429"},{"taxonomy":"product_tag","embeddable":true,"href":"https:\/\/www.lifecaregabon.com\/index.php\/wp-json\/wp\/v2\/product_tag?post=1429"}],"curies":[{"name":"wp","href":"https:\/\/api.w.org\/{rel}","templated":true}]}}