{"id":1419,"date":"2024-12-11T10:28:04","date_gmt":"2024-12-11T09:28:04","guid":{"rendered":"http:\/\/www.lifecaregabon.com\/?post_type=product&#038;p=1419"},"modified":"2026-04-05T00:38:59","modified_gmt":"2026-04-04T22:38:59","slug":"spectrophotometre-uv-visible-ax-040","status":"publish","type":"product","link":"https:\/\/www.lifecaregabon.com\/index.php\/product\/spectrophotometre-uv-visible-ax-040\/","title":{"rendered":"Spectrophotom\u00e8tre UV-visible AX-040"},"content":{"rendered":"<p>G\u00e9n\u00e9ralit\u00e9s<br \/>\nSemi automate de biochimie ou photom\u00e8tre programmable<br \/>\nM\u00e9thodes de mesure: cin\u00e9tique, point final, deux points absorbance<br \/>\nIncubateur 10 positions ajustable jusqu\u2019\u00e0 37\u00b0C + 3 chronom\u00e8tres<\/p>\n<p>8 filtres : 340, 405, 492, 510, 546, 578, 630 nm et 1 position libre<br \/>\nPr\u00e9cision longueur d\u2019onde : +\/-2 nm, largeur \u2264 10 nm<br \/>\nLumi\u00e8re directe < 0.1% 340 nm\nGamme absorbance : 0 to 4.500 ABS\nPr\u00e9cision d\u2019absorbance : ext\u00e9rieur 0.0001\nABS et int\u00e9rieur : 0.00001 ABS\n\nVolume \u00e9chantillon : 0 \u20133000 \u03bcL, recommandation 400 \u03bcL\nCellule de lecture : 32 \u03bcL verre quartz, 10 mm interchangeable\nLampe : Philips 6V 10W lampe halog\u00e8ne, avec longue dur\u00e9e de vie\nContr\u00f4le qualit\u00e9 : X SD CV% L-J contr\u00f4le qualit\u00e9 de la courbe \u00e0 chaque test\n<\/p>\n","protected":false},"excerpt":{"rendered":"<p>Gr\u00e2ce \u00e0 son incubateur 10 positions ajustable jusqu\u2019\u00e0 37\u00b0C et ses 3 chronom\u00e8tres,<br \/>\nle semi-automate de biochimie de chez Balio Diagnostics se pr\u00e9sente comme le partenaire id\u00e9al<\/p>\n<p>des petits laboratoires ou alors l\u2019instrument de back-up des plus grands sites.<\/p>\n<p>Facile d\u2019utilisation<br \/>\nLarge \u00e9cran tactile couleur 7\u2019<br \/>\n10 positions d\u2019incubation et 3 chronom\u00e8tres int\u00e9gr\u00e9s<\/p>\n","protected":false},"featured_media":1420,"comment_status":"open","ping_status":"closed","template":"","meta":{"_kadence_starter_templates_imported_post":false,"_kad_post_transparent":"default","_kad_post_title":"","_kad_post_layout":"default","_kad_post_sidebar_id":"","_kad_post_content_style":"default","_kad_post_vertical_padding":"default","_kad_post_feature":"","_kad_post_feature_position":"","_kad_post_header":false,"_kad_post_footer":false,"_kad_post_classname":""},"product_brand":[],"product_cat":[43],"product_tag":[],"class_list":{"0":"post-1419","1":"product","2":"type-product","3":"status-publish","4":"has-post-thumbnail","6":"product_cat-biochimie","8":"first","9":"instock","10":"sale","11":"taxable","12":"shipping-taxable","13":"purchasable","14":"product-type-simple","15":"entry","16":"content-bg","17":"loop-entry"},"yoast_head":"<!-- This site is optimized with the Yoast SEO plugin v26.6 - https:\/\/yoast.com\/wordpress\/plugins\/seo\/ -->\n<title>Spectrophotom\u00e8tre UV-visible AX-040 - Lifecare Technologies Gabon<\/title>\n<meta name=\"description\" content=\"Distributeur de Dispositifs M\u00e9dicaux et param\u00e9dicaux \u00e0 Libreville-Gabon\" \/>\n<meta name=\"robots\" content=\"index, follow, max-snippet:-1, max-image-preview:large, max-video-preview:-1\" \/>\n<link rel=\"canonical\" href=\"https:\/\/www.lifecaregabon.com\/index.php\/product\/spectrophotometre-uv-visible-ax-040\/\" \/>\n<meta property=\"og:locale\" content=\"en_US\" \/>\n<meta property=\"og:type\" content=\"article\" \/>\n<meta property=\"og:title\" content=\"Spectrophotom\u00e8tre UV-visible AX-040 - Lifecare Technologies Gabon\" \/>\n<meta property=\"og:description\" content=\"Distributeur de Dispositifs M\u00e9dicaux et param\u00e9dicaux \u00e0 Libreville-Gabon\" \/>\n<meta property=\"og:url\" content=\"https:\/\/www.lifecaregabon.com\/index.php\/product\/spectrophotometre-uv-visible-ax-040\/\" \/>\n<meta property=\"og:site_name\" content=\"Lifecare Technologies Gabon\" \/>\n<meta property=\"article:publisher\" content=\"https:\/\/www.facebook.com\/profile.php?id=61564959212945\" \/>\n<meta property=\"article:modified_time\" content=\"2026-04-04T22:38:59+00:00\" \/>\n<meta property=\"og:image\" content=\"https:\/\/www.lifecaregabon.com\/wp-content\/uploads\/2024\/12\/WhatsApp-Image-2024-12-11-a-10.27.14_545720bd.jpg\" \/>\n\t<meta property=\"og:image:width\" content=\"1080\" \/>\n\t<meta property=\"og:image:height\" content=\"1080\" \/>\n\t<meta property=\"og:image:type\" content=\"image\/jpeg\" \/>\n<meta name=\"twitter:card\" content=\"summary_large_image\" \/>\n<meta name=\"twitter:label1\" content=\"Est. reading time\" \/>\n\t<meta name=\"twitter:data1\" content=\"1 minute\" \/>\n<script type=\"application\/ld+json\" class=\"yoast-schema-graph\">{\"@context\":\"https:\/\/schema.org\",\"@graph\":[{\"@type\":\"WebPage\",\"@id\":\"https:\/\/www.lifecaregabon.com\/index.php\/product\/spectrophotometre-uv-visible-ax-040\/\",\"url\":\"https:\/\/www.lifecaregabon.com\/index.php\/product\/spectrophotometre-uv-visible-ax-040\/\",\"name\":\"Spectrophotom\u00e8tre UV-visible AX-040 - Lifecare Technologies Gabon\",\"isPartOf\":{\"@id\":\"https:\/\/www.lifecaregabon.com\/#website\"},\"primaryImageOfPage\":{\"@id\":\"https:\/\/www.lifecaregabon.com\/index.php\/product\/spectrophotometre-uv-visible-ax-040\/#primaryimage\"},\"image\":{\"@id\":\"https:\/\/www.lifecaregabon.com\/index.php\/product\/spectrophotometre-uv-visible-ax-040\/#primaryimage\"},\"thumbnailUrl\":\"https:\/\/www.lifecaregabon.com\/wp-content\/uploads\/2024\/12\/WhatsApp-Image-2024-12-11-a-10.27.14_545720bd.jpg\",\"datePublished\":\"2024-12-11T09:28:04+00:00\",\"dateModified\":\"2026-04-04T22:38:59+00:00\",\"description\":\"Distributeur de Dispositifs M\u00e9dicaux et param\u00e9dicaux \u00e0 Libreville-Gabon\",\"breadcrumb\":{\"@id\":\"https:\/\/www.lifecaregabon.com\/index.php\/product\/spectrophotometre-uv-visible-ax-040\/#breadcrumb\"},\"inLanguage\":\"en-US\",\"potentialAction\":[{\"@type\":\"ReadAction\",\"target\":[\"https:\/\/www.lifecaregabon.com\/index.php\/product\/spectrophotometre-uv-visible-ax-040\/\"]}]},{\"@type\":\"ImageObject\",\"inLanguage\":\"en-US\",\"@id\":\"https:\/\/www.lifecaregabon.com\/index.php\/product\/spectrophotometre-uv-visible-ax-040\/#primaryimage\",\"url\":\"https:\/\/www.lifecaregabon.com\/wp-content\/uploads\/2024\/12\/WhatsApp-Image-2024-12-11-a-10.27.14_545720bd.jpg\",\"contentUrl\":\"https:\/\/www.lifecaregabon.com\/wp-content\/uploads\/2024\/12\/WhatsApp-Image-2024-12-11-a-10.27.14_545720bd.jpg\",\"width\":1080,\"height\":1080},{\"@type\":\"BreadcrumbList\",\"@id\":\"https:\/\/www.lifecaregabon.com\/index.php\/product\/spectrophotometre-uv-visible-ax-040\/#breadcrumb\",\"itemListElement\":[{\"@type\":\"ListItem\",\"position\":1,\"name\":\"Accueil\",\"item\":\"https:\/\/www.lifecaregabon.com\/\"},{\"@type\":\"ListItem\",\"position\":2,\"name\":\"Boutique\",\"item\":\"https:\/\/www.lifecaregabon.com\/index.php\/shop-2\/\"},{\"@type\":\"ListItem\",\"position\":3,\"name\":\"Spectrophotom\u00e8tre UV-visible AX-040\"}]},{\"@type\":\"WebSite\",\"@id\":\"https:\/\/www.lifecaregabon.com\/#website\",\"url\":\"https:\/\/www.lifecaregabon.com\/\",\"name\":\"Lifecare Technologies Gabon\",\"description\":\"Dispositifs M\u00e9dicaux\",\"publisher\":{\"@id\":\"https:\/\/www.lifecaregabon.com\/#organization\"},\"potentialAction\":[{\"@type\":\"SearchAction\",\"target\":{\"@type\":\"EntryPoint\",\"urlTemplate\":\"https:\/\/www.lifecaregabon.com\/?s={search_term_string}\"},\"query-input\":{\"@type\":\"PropertyValueSpecification\",\"valueRequired\":true,\"valueName\":\"search_term_string\"}}],\"inLanguage\":\"en-US\"},{\"@type\":\"Organization\",\"@id\":\"https:\/\/www.lifecaregabon.com\/#organization\",\"name\":\"Lifecare Technologies Gabon\",\"url\":\"https:\/\/www.lifecaregabon.com\/\",\"logo\":{\"@type\":\"ImageObject\",\"inLanguage\":\"en-US\",\"@id\":\"https:\/\/www.lifecaregabon.com\/#\/schema\/logo\/image\/\",\"url\":\"https:\/\/www.lifecaregabon.com\/wp-content\/uploads\/2024\/12\/cropped-cropped-logo-ltc-3.jpg\",\"contentUrl\":\"https:\/\/www.lifecaregabon.com\/wp-content\/uploads\/2024\/12\/cropped-cropped-logo-ltc-3.jpg\",\"width\":639,\"height\":391,\"caption\":\"Lifecare Technologies Gabon\"},\"image\":{\"@id\":\"https:\/\/www.lifecaregabon.com\/#\/schema\/logo\/image\/\"},\"sameAs\":[\"https:\/\/www.facebook.com\/profile.php?id=61564959212945\",\"https:\/\/x.com\/i\/flow\/login?redirect_after_login=lifecare_sarl\"]}]}<\/script>\n<!-- \/ Yoast SEO plugin. -->","yoast_head_json":{"title":"Spectrophotom\u00e8tre UV-visible AX-040 - Lifecare Technologies Gabon","description":"Distributeur de Dispositifs M\u00e9dicaux et param\u00e9dicaux \u00e0 Libreville-Gabon","robots":{"index":"index","follow":"follow","max-snippet":"max-snippet:-1","max-image-preview":"max-image-preview:large","max-video-preview":"max-video-preview:-1"},"canonical":"https:\/\/www.lifecaregabon.com\/index.php\/product\/spectrophotometre-uv-visible-ax-040\/","og_locale":"en_US","og_type":"article","og_title":"Spectrophotom\u00e8tre UV-visible AX-040 - Lifecare Technologies Gabon","og_description":"Distributeur de Dispositifs M\u00e9dicaux et param\u00e9dicaux \u00e0 Libreville-Gabon","og_url":"https:\/\/www.lifecaregabon.com\/index.php\/product\/spectrophotometre-uv-visible-ax-040\/","og_site_name":"Lifecare Technologies Gabon","article_publisher":"https:\/\/www.facebook.com\/profile.php?id=61564959212945","article_modified_time":"2026-04-04T22:38:59+00:00","og_image":[{"width":1080,"height":1080,"url":"https:\/\/www.lifecaregabon.com\/wp-content\/uploads\/2024\/12\/WhatsApp-Image-2024-12-11-a-10.27.14_545720bd.jpg","type":"image\/jpeg"}],"twitter_card":"summary_large_image","twitter_misc":{"Est. reading time":"1 minute"},"schema":{"@context":"https:\/\/schema.org","@graph":[{"@type":"WebPage","@id":"https:\/\/www.lifecaregabon.com\/index.php\/product\/spectrophotometre-uv-visible-ax-040\/","url":"https:\/\/www.lifecaregabon.com\/index.php\/product\/spectrophotometre-uv-visible-ax-040\/","name":"Spectrophotom\u00e8tre UV-visible AX-040 - Lifecare Technologies Gabon","isPartOf":{"@id":"https:\/\/www.lifecaregabon.com\/#website"},"primaryImageOfPage":{"@id":"https:\/\/www.lifecaregabon.com\/index.php\/product\/spectrophotometre-uv-visible-ax-040\/#primaryimage"},"image":{"@id":"https:\/\/www.lifecaregabon.com\/index.php\/product\/spectrophotometre-uv-visible-ax-040\/#primaryimage"},"thumbnailUrl":"https:\/\/www.lifecaregabon.com\/wp-content\/uploads\/2024\/12\/WhatsApp-Image-2024-12-11-a-10.27.14_545720bd.jpg","datePublished":"2024-12-11T09:28:04+00:00","dateModified":"2026-04-04T22:38:59+00:00","description":"Distributeur de Dispositifs M\u00e9dicaux et param\u00e9dicaux \u00e0 Libreville-Gabon","breadcrumb":{"@id":"https:\/\/www.lifecaregabon.com\/index.php\/product\/spectrophotometre-uv-visible-ax-040\/#breadcrumb"},"inLanguage":"en-US","potentialAction":[{"@type":"ReadAction","target":["https:\/\/www.lifecaregabon.com\/index.php\/product\/spectrophotometre-uv-visible-ax-040\/"]}]},{"@type":"ImageObject","inLanguage":"en-US","@id":"https:\/\/www.lifecaregabon.com\/index.php\/product\/spectrophotometre-uv-visible-ax-040\/#primaryimage","url":"https:\/\/www.lifecaregabon.com\/wp-content\/uploads\/2024\/12\/WhatsApp-Image-2024-12-11-a-10.27.14_545720bd.jpg","contentUrl":"https:\/\/www.lifecaregabon.com\/wp-content\/uploads\/2024\/12\/WhatsApp-Image-2024-12-11-a-10.27.14_545720bd.jpg","width":1080,"height":1080},{"@type":"BreadcrumbList","@id":"https:\/\/www.lifecaregabon.com\/index.php\/product\/spectrophotometre-uv-visible-ax-040\/#breadcrumb","itemListElement":[{"@type":"ListItem","position":1,"name":"Accueil","item":"https:\/\/www.lifecaregabon.com\/"},{"@type":"ListItem","position":2,"name":"Boutique","item":"https:\/\/www.lifecaregabon.com\/index.php\/shop-2\/"},{"@type":"ListItem","position":3,"name":"Spectrophotom\u00e8tre UV-visible AX-040"}]},{"@type":"WebSite","@id":"https:\/\/www.lifecaregabon.com\/#website","url":"https:\/\/www.lifecaregabon.com\/","name":"Lifecare Technologies Gabon","description":"Dispositifs M\u00e9dicaux","publisher":{"@id":"https:\/\/www.lifecaregabon.com\/#organization"},"potentialAction":[{"@type":"SearchAction","target":{"@type":"EntryPoint","urlTemplate":"https:\/\/www.lifecaregabon.com\/?s={search_term_string}"},"query-input":{"@type":"PropertyValueSpecification","valueRequired":true,"valueName":"search_term_string"}}],"inLanguage":"en-US"},{"@type":"Organization","@id":"https:\/\/www.lifecaregabon.com\/#organization","name":"Lifecare Technologies Gabon","url":"https:\/\/www.lifecaregabon.com\/","logo":{"@type":"ImageObject","inLanguage":"en-US","@id":"https:\/\/www.lifecaregabon.com\/#\/schema\/logo\/image\/","url":"https:\/\/www.lifecaregabon.com\/wp-content\/uploads\/2024\/12\/cropped-cropped-logo-ltc-3.jpg","contentUrl":"https:\/\/www.lifecaregabon.com\/wp-content\/uploads\/2024\/12\/cropped-cropped-logo-ltc-3.jpg","width":639,"height":391,"caption":"Lifecare Technologies Gabon"},"image":{"@id":"https:\/\/www.lifecaregabon.com\/#\/schema\/logo\/image\/"},"sameAs":["https:\/\/www.facebook.com\/profile.php?id=61564959212945","https:\/\/x.com\/i\/flow\/login?redirect_after_login=lifecare_sarl"]}]}},"_links":{"self":[{"href":"https:\/\/www.lifecaregabon.com\/index.php\/wp-json\/wp\/v2\/product\/1419","targetHints":{"allow":["GET"]}}],"collection":[{"href":"https:\/\/www.lifecaregabon.com\/index.php\/wp-json\/wp\/v2\/product"}],"about":[{"href":"https:\/\/www.lifecaregabon.com\/index.php\/wp-json\/wp\/v2\/types\/product"}],"replies":[{"embeddable":true,"href":"https:\/\/www.lifecaregabon.com\/index.php\/wp-json\/wp\/v2\/comments?post=1419"}],"wp:featuredmedia":[{"embeddable":true,"href":"https:\/\/www.lifecaregabon.com\/index.php\/wp-json\/wp\/v2\/media\/1420"}],"wp:attachment":[{"href":"https:\/\/www.lifecaregabon.com\/index.php\/wp-json\/wp\/v2\/media?parent=1419"}],"wp:term":[{"taxonomy":"product_brand","embeddable":true,"href":"https:\/\/www.lifecaregabon.com\/index.php\/wp-json\/wp\/v2\/product_brand?post=1419"},{"taxonomy":"product_cat","embeddable":true,"href":"https:\/\/www.lifecaregabon.com\/index.php\/wp-json\/wp\/v2\/product_cat?post=1419"},{"taxonomy":"product_tag","embeddable":true,"href":"https:\/\/www.lifecaregabon.com\/index.php\/wp-json\/wp\/v2\/product_tag?post=1419"}],"curies":[{"name":"wp","href":"https:\/\/api.w.org\/{rel}","templated":true}]}}